{"id":39,"date":"2017-01-10T02:12:24","date_gmt":"2017-01-10T02:12:24","guid":{"rendered":"http:\/\/udesigntheme.com\/demos-for-export\/spa\/?page_id=39"},"modified":"2021-10-07T05:50:20","modified_gmt":"2021-10-07T09:50:20","slug":"about","status":"publish","type":"page","link":"https:\/\/vidaliftclinic.com\/es\/about\/","title":{"rendered":"NOSOTROS"},"content":{"rendered":"<div class=\"wpb-content-wrapper\"><div data-vc-full-width=\"true\" data-vc-full-width-init=\"false\" class=\"vc_row wpb_row vc_row-fluid vc_custom_1632660630954 vc_row-has-fill vc_row-o-equal-height vc_row-flex\"><div class=\"wpb_column vc_column_container vc_col-sm-6\"><div class=\"vc_column-inner vc_custom_1487733095111\"><div class=\"wpb_wrapper\">\n\t<div class=\"wpb_text_column wpb_content_element vc_custom_1632660650633\" >\n\t\t<div class=\"wpb_wrapper\">\n\t\t\t<h3 style=\"font-size: 48px;\">NUESTRA HISTORIA<\/h3>\n\n\t\t<\/div>\n\t<\/div>\n\n\t<div class=\"wpb_text_column wpb_content_element\" >\n\t\t<div class=\"wpb_wrapper\">\n\t\t\t<p><span style=\"color: #000000;\">Vida Lift Clinic Center es un santuario para aquellos que buscan un bienestar para tu cuerpo y rostro.<\/span><\/p>\n\n\t\t<\/div>\n\t<\/div>\n<\/div><\/div><\/div><div class=\"wpb_column vc_column_container vc_col-sm-6\"><div class=\"vc_column-inner\"><div class=\"wpb_wrapper\"><\/div><\/div><\/div><\/div><div class=\"vc_row-full-width vc_clearfix\"><\/div><div data-vc-full-width=\"true\" data-vc-full-width-init=\"false\" class=\"vc_row wpb_row vc_row-fluid vc_custom_1632509843393 vc_row-has-fill vc_row-o-equal-height vc_row-flex\"><div class=\"wpb_column vc_column_container vc_col-sm-6\"><div class=\"vc_column-inner\"><div class=\"wpb_wrapper\"><\/div><\/div><\/div><div class=\"wpb_column vc_column_container vc_col-sm-6\"><div class=\"vc_column-inner\"><div class=\"wpb_wrapper\">\n\t<div class=\"wpb_text_column wpb_content_element vc_custom_1633444993164\" >\n\t\t<div class=\"wpb_wrapper\">\n\t\t\t<h3 style=\"font-size: 48px; color: #ffffff;\">ACERCA DE VIDA LIFT CLINIC CENTER<\/h3>\n\n\t\t<\/div>\n\t<\/div>\n\n\t<div class=\"wpb_text_column wpb_content_element\" >\n\t\t<div class=\"wpb_wrapper\">\n\t\t\t<div style=\"color: #ffffff;\">Vida Lift Clinic Centers es un espacio dise\u00f1ado para aquellos que buscan encontrar un balance en su salud, belleza y bienestar. Nuestro personal de especialistas en piel, esteticistas y terapeutas est\u00e1n capacitados para satisfacer todas sus comodidades, brind\u00e1ndole un cuidado privado, discreto y personalizado con atenci\u00f3n individual. <br \/> <br \/>\n\nEn nuestros establecimientos ofrecemos habitaciones privadas para tratamientos especializados para su cuerpo, mente y alma. De igual forma, ofrecemos salas para faciales donde brindamos terapias a trav\u00e9s de nuestros dispositivos terap\u00e9uticos, utilizando las tecnolog\u00edas m\u00e1s recientes y seguras para rejuvenecerlo de la cabeza a los pies.<\/div>\n\n\t\t<\/div>\n\t<\/div>\n<\/div><\/div><\/div><\/div><div class=\"vc_row-full-width vc_clearfix\"><\/div><div data-vc-full-width=\"true\" data-vc-full-width-init=\"false\" class=\"vc_row wpb_row vc_row-fluid vc_custom_1632509635719 vc_row-has-fill vc_row-o-equal-height vc_row-flex\"><div class=\"wpb_column vc_column_container vc_col-sm-6\"><div class=\"vc_column-inner\"><div class=\"wpb_wrapper\">\n\t<div class=\"wpb_text_column wpb_content_element vc_custom_1487777654921\" >\n\t\t<div class=\"wpb_wrapper\">\n\t\t\t<h3 style=\"font-size: 48px;\">VISI\u00d3N<\/h3>\n\n\t\t<\/div>\n\t<\/div>\n\n\t<div class=\"wpb_text_column wpb_content_element\" >\n\t\t<div class=\"wpb_wrapper\">\n\t\t\t<p>En Allura realizamos tratamientos cl\u00ednicos para todo tipo y tono de piel. Creemos en mejorar su apariencia natural manteniendo su cuerpo y su piel en excelentes condiciones, mejorando, ajustando e iluminando mientras aborda las imperfecciones visibles de manera segura y natural. Ofrecemos tratamientos corporales terap\u00e9uticos como adelgazamiento, estiramiento de piel, celulitis, reducci\u00f3n de venas, da\u00f1os por manchas solares, depilaci\u00f3n l\u00e1ser, hidroterapia, asesoramiento nutricional, entre otros.<\/p>\n<p>Tambi\u00e9n proveemos tratamientos, desde la eliminaci\u00f3n de da\u00f1os por acn\u00e9 y cicatrices hasta la eliminaci\u00f3n de estr\u00edas, aumento y mejora de labios, estiramientos de cara, cuello y ojos. Todo dise\u00f1ado para restaurar la belleza y devolver al cuerpo la armon\u00eda consigo mismo y con la naturaleza.<\/p>\n\n\t\t<\/div>\n\t<\/div>\n<\/div><\/div><\/div><div class=\"wpb_column vc_column_container vc_col-sm-6\"><div class=\"vc_column-inner\"><div class=\"wpb_wrapper\"><\/div><\/div><\/div><\/div><div class=\"vc_row-full-width vc_clearfix\"><\/div><div data-vc-full-width=\"true\" data-vc-full-width-init=\"false\" class=\"vc_row wpb_row vc_row-fluid vc_custom_1632661074616 vc_row-has-fill vc_row-o-equal-height vc_row-flex\"><div class=\"wpb_column vc_column_container vc_col-sm-6\"><div class=\"vc_column-inner\"><div class=\"wpb_wrapper\"><\/div><\/div><\/div><div class=\"wpb_column vc_column_container vc_col-sm-6\"><div class=\"vc_column-inner vc_custom_1487733070478\"><div class=\"wpb_wrapper\">\n\t<div class=\"wpb_text_column wpb_content_element vc_custom_1632661098805\" >\n\t\t<div class=\"wpb_wrapper\">\n\t\t\t<h3 style=\"font-size: 48px; color: #ffffff;\"><span style=\"color: #000000;\">MISI\u00d3N<\/span><\/h3>\n\n\t\t<\/div>\n\t<\/div>\n\n\t<div class=\"wpb_text_column wpb_content_element\" >\n\t\t<div class=\"wpb_wrapper\">\n\t\t\t<div style=\"color: #fffff9;\">\n<p><span style=\"color: #000000;\">Nuestra misi\u00f3n es hacer todo lo posible para satisfacer sus necesidades; para ayudarlo a relajarse y que obtenga una experiencia renovadora y curativa en manos profesionales rodeadas de paz y serenidad.<\/span><\/p>\n<p><span style=\"color: #000000;\">The Vidalife brand was established in 2013 and is rapidly growing as we launch our sixth location. Each one dedicated to helping you achieve optimal Spa, transforming your body, skin and soul while discovering an alluring and yet entirely achievable timeless beauty and ageless wellness.<\/span><\/p>\n<\/div>\n\n\t\t<\/div>\n\t<\/div>\n<\/div><\/div><\/div><\/div><div class=\"vc_row-full-width vc_clearfix\"><\/div><div data-vc-full-width=\"true\" data-vc-full-width-init=\"false\" class=\"vc_row wpb_row vc_row-fluid vc_custom_1632509971609 vc_row-has-fill\"><div class=\"wpb_column vc_column_container vc_col-sm-12\"><div class=\"vc_column-inner\"><div class=\"wpb_wrapper\"><section class=\"vc_cta3-container\"><div class=\"vc_general vc_do_cta3 vc_cta3 vc_cta3-style-flat vc_cta3-shape-square vc_cta3-align-left vc_cta3-color-classic vc_cta3-icon-size-md vc_cta3-actions-right vc_custom_1632509943796\"><div class=\"vc_cta3_content-container\"><div class=\"vc_cta3-content\"><header class=\"vc_cta3-content-header\"><h2 style=\"font-size: 38px;color: #b28077;text-align: left\" class=\"vc_custom_heading vc_do_custom_heading\" >\u00bfListo para un cambio? Reserve su consulta ahora!<\/h2><\/header><\/div><div class=\"vc_cta3-actions\"><div class=\"vc_btn3-container vc_btn3-inline vc_do_btn\" ><a onmouseleave=\"this.style.borderColor='#000000'; this.style.backgroundColor='transparent'; this.style.color='#000000'\" onmouseenter=\"this.style.borderColor='rgba(255,255,255,0.56)'; this.style.backgroundColor='rgba(255,255,255,0.56)'; this.style.color='#000000';\" style=\"border-color:#000000; color:#000000;\" class=\"vc_general vc_btn3 vc_btn3-size-md vc_btn3-shape-square vc_btn3-style-outline-custom\" href=\"https:\/\/vidaliftclinic.com\/es\/contact\/\" title=\"CONTACTO\">Reserva tu cita<\/a><\/div><\/div><\/div><\/div><\/section><\/div><\/div><\/div><\/div><div class=\"vc_row-full-width vc_clearfix\"><\/div>\n<\/div>","protected":false},"excerpt":{"rendered":"OUR STORY Vida Lift Clinic Centers are a sanctuary for those searching for timeless, ageless wellness. We help our clients pursue their utmost and most alluring wellness, beauty and life balance with our highly rated beauty and spa treatments and products that revitalise, rejuvenate and renew body,","protected":false},"author":1,"featured_media":0,"parent":0,"menu_order":0,"comment_status":"closed","ping_status":"closed","template":"page-FullWidth.php","meta":{"footnotes":""},"class_list":["post-39","page","type-page","status-publish","hentry"],"_links":{"self":[{"href":"https:\/\/vidaliftclinic.com\/es\/wp-json\/wp\/v2\/pages\/39","targetHints":{"allow":["GET"]}}],"collection":[{"href":"https:\/\/vidaliftclinic.com\/es\/wp-json\/wp\/v2\/pages"}],"about":[{"href":"https:\/\/vidaliftclinic.com\/es\/wp-json\/wp\/v2\/types\/page"}],"author":[{"embeddable":true,"href":"https:\/\/vidaliftclinic.com\/es\/wp-json\/wp\/v2\/users\/1"}],"replies":[{"embeddable":true,"href":"https:\/\/vidaliftclinic.com\/es\/wp-json\/wp\/v2\/comments?post=39"}],"version-history":[{"count":16,"href":"https:\/\/vidaliftclinic.com\/es\/wp-json\/wp\/v2\/pages\/39\/revisions"}],"predecessor-version":[{"id":2700,"href":"https:\/\/vidaliftclinic.com\/es\/wp-json\/wp\/v2\/pages\/39\/revisions\/2700"}],"wp:attachment":[{"href":"https:\/\/vidaliftclinic.com\/es\/wp-json\/wp\/v2\/media?parent=39"}],"curies":[{"name":"wp","href":"https:\/\/api.w.org\/{rel}","templated":true}]}}