{"id":1724,"date":"2020-12-12T22:01:42","date_gmt":"2020-12-12T22:01:42","guid":{"rendered":"https:\/\/vidalifespa.com\/?page_id=1724"},"modified":"2020-12-12T22:30:59","modified_gmt":"2020-12-12T22:30:59","slug":"skin-hydration","status":"publish","type":"page","link":"https:\/\/vidaliftclinic.com\/es\/services\/skin-hydration\/","title":{"rendered":"Hidrataci\u00f3n de la piel"},"content":{"rendered":"<div class=\"wpb-content-wrapper\"><div class=\"vc_row wpb_row vc_row-fluid vc_custom_1606394282353 vc_row-has-fill\"><div class=\"wpb_column vc_column_container vc_col-sm-12\"><div class=\"vc_column-inner\"><div class=\"wpb_wrapper\">\n\t<div class=\"wpb_text_column wpb_content_element\" >\n\t\t<div class=\"wpb_wrapper\">\n\t\t\t<h1 style=\"margin: 35px 0px 1px; text-align: center; font-size: 44px; color: #9eadab;\">Hidrataci\u00f3n de la piel<\/h1>\n<h6 style=\"margin: 1px 0px 30px; text-align: center;\">\u00a1Obten una piel hidratada y renovada!<\/h6>\n\n\t\t<\/div>\n\t<\/div>\n\n\t<div class=\"wpb_text_column wpb_content_element\" >\n\t\t<div class=\"wpb_wrapper\">\n\t\t\t<div style=\"margin: 0px 0px 80px; text-align: center; color: #777777;\">\u00a1Hidrata tu piel al nivel que tu crema diaria no puede alcanzar!<\/div>\n\n\t\t<\/div>\n\t<\/div>\n<\/div><\/div><\/div><\/div><section data-vc-full-width=\"true\" data-vc-full-width-init=\"false\" class=\"vc_section vc_custom_1606487885689 vc_section-has-fill vc_section-o-content-top vc_section-flex\"><div class=\"vc_row wpb_row vc_row-fluid vc_custom_1604341306933 vc_row-o-equal-height vc_row-flex\"><div class=\"wpb_column vc_column_container vc_col-sm-12\"><div class=\"vc_column-inner\"><div class=\"wpb_wrapper\"><div class=\"vc_row wpb_row vc_inner vc_row-fluid vc_row-o-equal-height vc_row-o-content-top vc_row-flex\"><div class=\"wpb_column vc_column_container vc_col-sm-4\"><div class=\"vc_column-inner vc_custom_1604341283440\"><div class=\"wpb_wrapper\">\n\t<div  class=\"wpb_single_image wpb_content_element vc_align_center wpb_content_element\">\n\t\t\n\t\t<figure class=\"wpb_wrapper vc_figure\">\n\t\t\t<div class=\"vc_single_image-wrapper vc_box_shadow_3d  vc_box_border_grey\"><img loading=\"lazy\" decoding=\"async\" width=\"400\" height=\"267\" src=\"https:\/\/vidaliftclinic.com\/wp-content\/uploads\/2020\/12\/Skin-Hydration.jpg\" class=\"vc_single_image-img attachment-full\" alt=\"Skin Hydration\" title=\"Hidrataci\u00f3n de la piel\" \/><\/div>\n\t\t<\/figure>\n\t<\/div>\n<\/div><\/div><\/div><div class=\"wpb_column vc_column_container vc_col-sm-8\"><div class=\"vc_column-inner vc_custom_1487970800943\"><div class=\"wpb_wrapper\">\n\t<div class=\"wpb_text_column wpb_content_element\" >\n\t\t<div class=\"wpb_wrapper\">\n\t\t\t<h2 style=\"color: #9eadac; text-align: left;\">Hidrataci\u00f3n de la piel<\/h2>\n\n\t\t<\/div>\n\t<\/div>\n<div class=\"vc_separator wpb_content_element vc_separator_align_center vc_sep_width_100 vc_sep_dotted vc_sep_pos_align_center vc_separator_no_text vc_sep_color_mulled_wine wpb_content_element  wpb_content_element\" ><span class=\"vc_sep_holder vc_sep_holder_l\"><span class=\"vc_sep_line\"><\/span><\/span><span class=\"vc_sep_holder vc_sep_holder_r\"><span class=\"vc_sep_line\"><\/span><\/span>\n<\/div>\n\t<div class=\"wpb_text_column wpb_content_element vc_custom_1607810760871\" >\n\t\t<div class=\"wpb_wrapper\">\n\t\t\t<p>Aunque la piel \"seca\" y \"deshidratada\" comparten muchos de los mismos s\u00edntomas, estas son bastante diferentes. La piel seca, heredada a trav\u00e9s de la gen\u00e9tica, los desequilibrios hormonales o una tiroides poco activa, produce cantidades bajas de los aceites naturales en la piel. Por otro lado, la piel deshidratada, provocada por elementos externos (dieta, estilo de vida, etc.), reduce el contenido de agua de la piel. Afortunadamente, en Viora podemos brindarle una terapia \u00fanica capaz de tratar los s\u00edntomas de ambas afecciones de la piel.<\/p>\n<p>El tratamiento de hidrataci\u00f3n intensiva Viora Skin est\u00e1 cl\u00ednicamente probado, es seguro y c\u00f3modo, sin tiempo de inactividad.<\/p>\n<h3>\u00a1Hidrata tu piel al nivel que tu crema diaria no puede alcanzar!<\/h3>\n<p>La tecnolog\u00eda de Viora restaura el equilibrio de la humedad y repara el dep\u00f3sito de agua celular natural para prevenir la p\u00e9rdida de humedad al proporcionar a la piel \u00e1cido hialur\u00f3nico esencial e isomerato de sac\u00e1rido.<\/p>\n<p>Salud de la piel: Consejos de Viora life para la hidrataci\u00f3n de la piel:<\/p>\n<ul>\n<li>L\u00e1vese la cara con un limpiador suave y agua tibia.<\/li>\n<li>Evite la cafe\u00edna y el alcohol, dos de los peores causantes de la piel deshidratada, ya que contienen diur\u00e9ticos que comprometen la salud de la piel al agotar su contenido de agua.<\/li>\n<li>Evite los exfoliantes faciales agresivos: la exfoliaci\u00f3n no es la mejor manera de iluminar un cutis apagado y deshidratado.<\/li>\n<li>La exfoliaci\u00f3n adecuada (como con el sistema Pristine \u2122 de Viora) acelera la renovaci\u00f3n de las c\u00e9lulas de la piel al eliminar las c\u00e9lulas muertas de la superficie para revelar las c\u00e9lulas nuevas y saludables que se encuentran debajo.<\/li>\n<li>Proteja la capa externa de su piel: la clave es evitar que el agua salga de su piel manteniendo intacta su barrera de humedad.<\/li>\n<li>Utilice cremas de hidrataci\u00f3n \"profesionales\" y factor de protecci\u00f3n solar alto<\/li>\n<\/ul>\n<h3>Preguntas frecuentes:<\/h3>\n<p><em>\u00bfPuedo usar mi crema hidratante t\u00edpica en casa durante el ciclo del tratamiento?<\/em><br \/>\n\u00a1Por supuesto! La atenci\u00f3n domiciliaria profesional es importante para el mantenimiento del tratamiento en la cl\u00ednica.<\/p>\n<p><em>\u00bfPuedo hacer el tratamiento durante el verano?<\/em><br \/>\nEl tratamiento de hidrataci\u00f3n no se limita a ning\u00fan tiempo de sesi\u00f3n y se puede realizar en cualquier momento del a\u00f1o<\/p>\n\n\t\t<\/div>\n\t<\/div>\n\n\t<div class=\"wpb_text_column wpb_content_element\" >\n\t\t<div class=\"wpb_wrapper\">\n\t\t\t<a class=\"flat-custom-button align-btn-left\" href=\"\/es\/contact\/\" title=\"Reserva tu cita\"><span style=\"padding:10px 20px; background-color:transparent; border:1px solid #947A99; color:#947A99; font-size:14px;\">Reserva tu cita<\/span><\/a>\n\n\t\t<\/div>\n\t<\/div>\n<\/div><\/div><\/div><\/div><\/div><\/div><\/div><\/div><\/section><div class=\"vc_row-full-width vc_clearfix\"><\/div>\n<\/div>","protected":false},"excerpt":{"rendered":"Skin Hydration The moisturized and refreshed skin you always dreamed of Hydrate your skin to the level your daily cream cannot reach! SKIN HYDRATION Although \u201cdry\u201d and \u201cdehydrated\u201d skin share many of the same symptoms, they are in fact quite different. Dry skin inherited through genetics, hormonal","protected":false},"author":1,"featured_media":0,"parent":41,"menu_order":0,"comment_status":"closed","ping_status":"closed","template":"page-FullWidth.php","meta":{"footnotes":""},"class_list":["post-1724","page","type-page","status-publish","hentry"],"_links":{"self":[{"href":"https:\/\/vidaliftclinic.com\/es\/wp-json\/wp\/v2\/pages\/1724","targetHints":{"allow":["GET"]}}],"collection":[{"href":"https:\/\/vidaliftclinic.com\/es\/wp-json\/wp\/v2\/pages"}],"about":[{"href":"https:\/\/vidaliftclinic.com\/es\/wp-json\/wp\/v2\/types\/page"}],"author":[{"embeddable":true,"href":"https:\/\/vidaliftclinic.com\/es\/wp-json\/wp\/v2\/users\/1"}],"replies":[{"embeddable":true,"href":"https:\/\/vidaliftclinic.com\/es\/wp-json\/wp\/v2\/comments?post=1724"}],"version-history":[{"count":4,"href":"https:\/\/vidaliftclinic.com\/es\/wp-json\/wp\/v2\/pages\/1724\/revisions"}],"predecessor-version":[{"id":1740,"href":"https:\/\/vidaliftclinic.com\/es\/wp-json\/wp\/v2\/pages\/1724\/revisions\/1740"}],"up":[{"embeddable":true,"href":"https:\/\/vidaliftclinic.com\/es\/wp-json\/wp\/v2\/pages\/41"}],"wp:attachment":[{"href":"https:\/\/vidaliftclinic.com\/es\/wp-json\/wp\/v2\/media?parent=1724"}],"curies":[{"name":"wp","href":"https:\/\/api.w.org\/{rel}","templated":true}]}}