{"id":1639,"date":"2020-12-11T13:14:25","date_gmt":"2020-12-11T13:14:25","guid":{"rendered":"https:\/\/vidalifespa.com\/?page_id=1639"},"modified":"2020-12-26T19:57:46","modified_gmt":"2020-12-26T19:57:46","slug":"labial-correction","status":"publish","type":"page","link":"https:\/\/vidaliftclinic.com\/es\/services\/labial-correction\/","title":{"rendered":"Correcci\u00f3n labial"},"content":{"rendered":"<div class=\"wpb-content-wrapper\"><div class=\"vc_row wpb_row vc_row-fluid vc_custom_1606394282353 vc_row-has-fill\"><div class=\"wpb_column vc_column_container vc_col-sm-12\"><div class=\"vc_column-inner\"><div class=\"wpb_wrapper\">\n\t<div class=\"wpb_text_column wpb_content_element\" >\n\t\t<div class=\"wpb_wrapper\">\n\t\t\t<h1 style=\"margin: 35px 0px 1px; text-align: center; font-size: 44px; color: #9eadab;\">Correcci\u00f3n labial<\/h1>\n<h6 style=\"margin: 1px 0px 30px; text-align: center;\">Recupera una apariencia m\u00e1s juvenil y una sensaci\u00f3n m\u00e1s firme.<\/h6>\n\n\t\t<\/div>\n\t<\/div>\n\n\t<div class=\"wpb_text_column wpb_content_element\" >\n\t\t<div class=\"wpb_wrapper\">\n\t\t\t<div style=\"margin: 0px 0px 80px; text-align: center; color: #777777;\">Correcci\u00f3n labial con tratamiento Viora Fusion\u00ae<sup>\u00ae<\/sup> treatment<\/div>\n\n\t\t<\/div>\n\t<\/div>\n<\/div><\/div><\/div><\/div><section data-vc-full-width=\"true\" data-vc-full-width-init=\"false\" class=\"vc_section vc_custom_1606487885689 vc_section-has-fill vc_section-o-content-top vc_section-flex\"><div class=\"vc_row wpb_row vc_row-fluid vc_custom_1604341306933 vc_row-o-equal-height vc_row-flex\"><div class=\"wpb_column vc_column_container vc_col-sm-12\"><div class=\"vc_column-inner\"><div class=\"wpb_wrapper\"><div class=\"vc_row wpb_row vc_inner vc_row-fluid vc_row-o-equal-height vc_row-o-content-top vc_row-flex\"><div class=\"wpb_column vc_column_container vc_col-sm-4\"><div class=\"vc_column-inner vc_custom_1604341283440\"><div class=\"wpb_wrapper\">\n\t<div  class=\"wpb_single_image wpb_content_element vc_align_center wpb_content_element\">\n\t\t\n\t\t<figure class=\"wpb_wrapper vc_figure\">\n\t\t\t<div class=\"vc_single_image-wrapper vc_box_shadow_3d  vc_box_border_grey\"><img loading=\"lazy\" decoding=\"async\" width=\"382\" height=\"400\" src=\"https:\/\/vidaliftclinic.com\/wp-content\/uploads\/2020\/12\/Labial-Correction.jpg\" class=\"vc_single_image-img attachment-full\" alt=\"Labial Correction\" title=\"Correcci\u00f3n labial\" \/><\/div>\n\t\t<\/figure>\n\t<\/div>\n<\/div><\/div><\/div><div class=\"wpb_column vc_column_container vc_col-sm-8\"><div class=\"vc_column-inner vc_custom_1487970800943\"><div class=\"wpb_wrapper\">\n\t<div class=\"wpb_text_column wpb_content_element\" >\n\t\t<div class=\"wpb_wrapper\">\n\t\t\t<h2 style=\"color: #9eadac; text-align: left;\">Correcci\u00f3n labial<\/h2>\n\n\t\t<\/div>\n\t<\/div>\n<div class=\"vc_separator wpb_content_element vc_separator_align_center vc_sep_width_100 vc_sep_dotted vc_sep_pos_align_center vc_separator_no_text vc_sep_color_mulled_wine wpb_content_element  wpb_content_element\" ><span class=\"vc_sep_holder vc_sep_holder_l\"><span class=\"vc_sep_line\"><\/span><\/span><span class=\"vc_sep_holder vc_sep_holder_r\"><span class=\"vc_sep_line\"><\/span><\/span>\n<\/div>\n\t<div class=\"wpb_text_column wpb_content_element vc_custom_1607720183090\" >\n\t\t<div class=\"wpb_wrapper\">\n\t\t\t<p>Correcci\u00f3n labial con tratamiento Viora Fusion\u00ae<sup>\u00ae<\/sup> treatment.<\/p>\n<p>Si sufre de tejido vulvar estirado, suelto y laxo, puede experimentar una p\u00e9rdida de fuerza y tono en la piel, as\u00ed como en los m\u00fasculos circundantes.  Si est\u00e1 experimentando esta condici\u00f3n, le ofrecemos el tratamiento Viora's Fusion\u00ae, una soluci\u00f3n segura que ayuda en la correcci\u00f3n labial, recuperando una apariencia m\u00e1s juvenil y una sensaci\u00f3n m\u00e1s firme.<sup>\u00ae<\/sup> treatment, a safe solution that assists in labial correction, regaining a more youthful appearance and firmer sensation.<\/p>\n<h3>\u00bfC\u00f3mo es el proceso?<\/h3>\n<p>Este tratamiento en particular est\u00e1 destinado a tensar el tejido labial suelto o fl\u00e1cido.  El \u00e1rea de los labios se puede tratar completamente mediante la entrega de energ\u00eda de RF superficialmente al \u00e1rea genital, combinada con el rejuvenecimiento de la piel y efecto anti-envejecimiento.<\/p>\n<p>Fusion\u00ae by Viora is Vidalife&#8217;s answer to vulval tissue conditions, offering the most advanced, non-invasive treatment available. Surgeries are out and \u201clunch break\u201d treatments are in! Treating these conditions with a non-invasive labial correction requires no downtime.<\/p>\n<p>Salud de la piel: consejos de Viora Life para Fusion\u00ae:<sup>\u00ae<\/sup>:<\/p>\n<ul>\n<li>Mantenga su piel sana y suave bebiendo mucha agua.<br \/>\nEl consejo m\u00e1s importante es tener una actitud positiva y j\u00f3ven.<\/li>\n<\/ul>\n<h3>Preguntas frecuentes:<\/h3>\n<p><em>\u00bfSe requiere anestesia t\u00f3pica para prevenir el dolor?<\/em><br \/>\nGracias a la tecnolog\u00eda patentada de Viora y al enfriamiento por contacto avanzado, el tratamiento es c\u00f3modo y generalmente no requiere anestesia t\u00f3pica.<\/p>\n<p><em>\u00bfCu\u00e1ndo ver\u00e9 resultados?<\/em><br \/>\nLos resultados se pueden ver y sentir despu\u00e9s del primer tratamiento con una mejora gradual a medida que avanza el curso del tratamiento.<\/p>\n\n\t\t<\/div>\n\t<\/div>\n\n\t<div class=\"wpb_text_column wpb_content_element\" >\n\t\t<div class=\"wpb_wrapper\">\n\t\t\t<a class=\"flat-custom-button align-btn-left\" href=\"\/es\/contact\/\" title=\"Reserva tu cita\"><span style=\"padding:10px 20px; background-color:transparent; border:1px solid #947A99; color:#947A99; font-size:14px;\">Reserva tu cita<\/span><\/a>\n\n\t\t<\/div>\n\t<\/div>\n<\/div><\/div><\/div><\/div><\/div><\/div><\/div><\/div><\/section><div class=\"vc_row-full-width vc_clearfix\"><\/div>\n<\/div>","protected":false},"excerpt":{"rendered":"Labial Correction Regain a more youthful appearance and firmer sensation. Effective Labial correction with Viora Fusion\u00ae treatment Labial Correction Labial correction with Viora Fusion\u00ae treatment. If you suffer from stretched, loose and lax vulval tissue, you may experience a loss of strength and tone in the skin,","protected":false},"author":1,"featured_media":0,"parent":41,"menu_order":0,"comment_status":"closed","ping_status":"closed","template":"page-FullWidth.php","meta":{"footnotes":""},"class_list":["post-1639","page","type-page","status-publish","hentry"],"_links":{"self":[{"href":"https:\/\/vidaliftclinic.com\/es\/wp-json\/wp\/v2\/pages\/1639","targetHints":{"allow":["GET"]}}],"collection":[{"href":"https:\/\/vidaliftclinic.com\/es\/wp-json\/wp\/v2\/pages"}],"about":[{"href":"https:\/\/vidaliftclinic.com\/es\/wp-json\/wp\/v2\/types\/page"}],"author":[{"embeddable":true,"href":"https:\/\/vidaliftclinic.com\/es\/wp-json\/wp\/v2\/users\/1"}],"replies":[{"embeddable":true,"href":"https:\/\/vidaliftclinic.com\/es\/wp-json\/wp\/v2\/comments?post=1639"}],"version-history":[{"count":5,"href":"https:\/\/vidaliftclinic.com\/es\/wp-json\/wp\/v2\/pages\/1639\/revisions"}],"predecessor-version":[{"id":1865,"href":"https:\/\/vidaliftclinic.com\/es\/wp-json\/wp\/v2\/pages\/1639\/revisions\/1865"}],"up":[{"embeddable":true,"href":"https:\/\/vidaliftclinic.com\/es\/wp-json\/wp\/v2\/pages\/41"}],"wp:attachment":[{"href":"https:\/\/vidaliftclinic.com\/es\/wp-json\/wp\/v2\/media?parent=1639"}],"curies":[{"name":"wp","href":"https:\/\/api.w.org\/{rel}","templated":true}]}}