{"id":1636,"date":"2020-12-11T12:51:30","date_gmt":"2020-12-11T12:51:30","guid":{"rendered":"https:\/\/vidalifespa.com\/?page_id=1636"},"modified":"2020-12-11T20:59:54","modified_gmt":"2020-12-11T20:59:54","slug":"vascular-clearance","status":"publish","type":"page","link":"https:\/\/vidaliftclinic.com\/es\/services\/vascular-clearance\/","title":{"rendered":"Aclaramiento vascular"},"content":{"rendered":"<div class=\"wpb-content-wrapper\"><div class=\"vc_row wpb_row vc_row-fluid vc_custom_1606394282353 vc_row-has-fill\"><div class=\"wpb_column vc_column_container vc_col-sm-12\"><div class=\"vc_column-inner\"><div class=\"wpb_wrapper\">\n\t<div class=\"wpb_text_column wpb_content_element\" >\n\t\t<div class=\"wpb_wrapper\">\n\t\t\t<h1 style=\"margin: 35px 0px 1px; text-align: center; font-size: 44px; color: #9eadab;\">Aclaramiento vascular<\/h1>\n<h6 style=\"margin: 1px 0px 30px; text-align: center;\">\u00a1Libera tu piel de rojeces o lesiones vasculares!<\/h6>\n\n\t\t<\/div>\n\t<\/div>\n\n\t<div class=\"wpb_text_column wpb_content_element\" >\n\t\t<div class=\"wpb_wrapper\">\n\t\t\t<div style=\"margin: 0px 0px 80px; text-align: center; color: #777777;\">Tratamiento de las malformaciones vasculares que provocan manchas de vino de Oporto, ara\u00f1as vasculares, ros\u00e1cea y m\u00e1s.<\/div>\n\n\t\t<\/div>\n\t<\/div>\n<\/div><\/div><\/div><\/div><section data-vc-full-width=\"true\" data-vc-full-width-init=\"false\" class=\"vc_section vc_custom_1606487885689 vc_section-has-fill vc_section-o-content-top vc_section-flex\"><div class=\"vc_row wpb_row vc_row-fluid vc_custom_1604341306933 vc_row-o-equal-height vc_row-flex\"><div class=\"wpb_column vc_column_container vc_col-sm-12\"><div class=\"vc_column-inner\"><div class=\"wpb_wrapper\"><div class=\"vc_row wpb_row vc_inner vc_row-fluid vc_row-o-equal-height vc_row-o-content-top vc_row-flex\"><div class=\"wpb_column vc_column_container vc_col-sm-4\"><div class=\"vc_column-inner vc_custom_1604341283440\"><div class=\"wpb_wrapper\">\n\t<div  class=\"wpb_single_image wpb_content_element vc_align_center wpb_content_element\">\n\t\t\n\t\t<figure class=\"wpb_wrapper vc_figure\">\n\t\t\t<div class=\"vc_single_image-wrapper vc_box_shadow_3d  vc_box_border_grey\"><img loading=\"lazy\" decoding=\"async\" width=\"400\" height=\"267\" src=\"https:\/\/vidaliftclinic.com\/wp-content\/uploads\/2020\/12\/Vascular-Clearance.jpg\" class=\"vc_single_image-img attachment-full\" alt=\"Vascular Clearance\" title=\"Aclaramiento vascular\" \/><\/div>\n\t\t<\/figure>\n\t<\/div>\n<\/div><\/div><\/div><div class=\"wpb_column vc_column_container vc_col-sm-8\"><div class=\"vc_column-inner vc_custom_1487970800943\"><div class=\"wpb_wrapper\">\n\t<div class=\"wpb_text_column wpb_content_element\" >\n\t\t<div class=\"wpb_wrapper\">\n\t\t\t<h2 style=\"color: #9eadac; text-align: left;\">Correcci\u00f3n labial - ReVive Fusion\u00ae<\/h2>\n\n\t\t<\/div>\n\t<\/div>\n<div class=\"vc_separator wpb_content_element vc_separator_align_center vc_sep_width_100 vc_sep_dotted vc_sep_pos_align_center vc_separator_no_text vc_sep_color_mulled_wine wpb_content_element  wpb_content_element\" ><span class=\"vc_sep_holder vc_sep_holder_l\"><span class=\"vc_sep_line\"><\/span><\/span><span class=\"vc_sep_holder vc_sep_holder_r\"><span class=\"vc_sep_line\"><\/span><\/span>\n<\/div>\n\t<div class=\"wpb_text_column wpb_content_element vc_custom_1607720376523\" >\n\t\t<div class=\"wpb_wrapper\">\n\t\t\t<p>Las malformaciones (o lesiones) vasculares son el resultado de la hipertensi\u00f3n venosa dentro de las venas varicosas subyacentes y anomal\u00edas del flujo sangu\u00edneo dentro de las venas reticulares.  Estas lesiones vasculares pueden variar en tama\u00f1o, profundidad, concentraci\u00f3n de vasos sangu\u00edneos u origen, lo que requiere diferentes soluciones tecnol\u00f3gicas.<\/p>\n<p>Las venas varicosas y las ara\u00f1as vasculares son problemas comunes que enfrentan muchas personas en todo el mundo.  La buena noticia es que la mayor\u00eda de los casos de estas afecciones venosas no son benignas y el tratamiento es posible para algunos pacientes con estas afecciones venosas.<\/p>\n<p>Las manchas de vino de Oporto son la enfermedad venosa m\u00e1s com\u00fan, que es causada por una presi\u00f3n elevada en las piernas causada por el exceso de peso, el embarazo o la obesidad.  Las ara\u00f1as vasculares tambi\u00e9n son causadas por la misma condici\u00f3n;  sin embargo, la vena de la ara\u00f1a es visible s\u00f3lo cuando la vena est\u00e1 torcida inusualmente.<\/p>\n<p>Los hemangiomas infantiles ocurren en reci\u00e9n nacidos y son similares a los hemangiomas adultos, excepto que son m\u00e1s frecuentes en beb\u00e9s.  Los hemangiomas infantiles son m\u00e1s comunes que los hemangiomas adultos, en parte debido a la edad m\u00e1s temprana a la que ocurren.<\/p>\n<p>La ros\u00e1cea es otra afecci\u00f3n cr\u00f3nica de la piel del rostro que causa enrojecimiento, hinchaz\u00f3n y picaz\u00f3n notables, as\u00ed como peque\u00f1os capilares, peque\u00f1os puntos rojos en forma de dedos llamados capilares, rodeados por una delgada l\u00ednea roja en la piel.  Esta condici\u00f3n a veces se acompa\u00f1a de peque\u00f1as protuberancias rojas llamadas p\u00e1pulas ros\u00e1cea que son un poco m\u00e1s peque\u00f1as que los capilares.  Se desconoce la relaci\u00f3n exacta entre la ros\u00e1cea y el desarrollo de capilares o vasos sangu\u00edneos en la piel.  Sin embargo, se considera posible que el v\u00ednculo sea a trav\u00e9s de la presencia de ara\u00f1as vasculares en algunos casos, ya que la ros\u00e1cea puede conducir a la formaci\u00f3n de ara\u00f1as vasculares.<\/p>\n<h3>\u00bfC\u00f3mo es el proceso?<\/h3>\n<p>Las tecnolog\u00edas de Viora representan una amplia gama de soluciones para lesiones vasculares y, por lo tanto, pueden ser altamente especializadas para abordar sus afecciones vasculares espec\u00edficas, de acuerdo con el tipo, tama\u00f1o y profundidad de la lesi\u00f3n que desea eliminar.<\/p>\n<h3>Consejos para el aclaramiento vascular:<\/h3>\n<p>Para lesiones vasculares faciales como Roccasea, reduzca el uso de caf\u00e9, el consumo de bebidas alcoh\u00f3licas, las temperaturas extremas (fr\u00edas o calientes), los alimentos grasos, los vientos fuertes, las bebidas extra calientes, las comidas picantes, el estr\u00e9s y la ansiedad.<\/p>\n<p>El ejercicio regular fomenta una mejor circulaci\u00f3n sangu\u00ednea en las piernas, lo que ayuda a impulsar la sangre que se ha acumulado en las venas.  El ejercicio tambi\u00e9n ayuda a reducir la presi\u00f3n arterial de una persona, que es otro factor que contribuye a las venas varicosas.<\/p>\n<p>Las medias de compresi\u00f3n est\u00e1n disponibles en la mayor\u00eda de las farmacias y pueden ayudar aplicando presi\u00f3n en las piernas.  Esto ayuda a los m\u00fasculos y las venas a mover la sangre hacia el coraz\u00f3n.<\/p>\n<p>Los alimentos con alto contenido de potasio, como las almendras y los pistachos, pueden ayudar a las venas varicosas al reducir la retenci\u00f3n de agua en el cuerpo.  Los alimentos salados o ricos en sodio pueden hacer que el cuerpo retenga agua, por lo que reducir los alimentos salados puede minimizar la retenci\u00f3n de agua.  Los alimentos con alto contenido de potasio pueden ayudar a reducir la retenci\u00f3n de agua.<\/p>\n<p>Evite sentarse durante largos per\u00edodos de tiempo, esto reducir\u00e1 la reaparici\u00f3n de los vasos sangu\u00edneos de las piernas<\/p>\n<h3>Preguntas frecuentes:<\/h3>\n<p><em>\u00bfPuedo recibir tratamiento para las lesiones vasculares faciales?<\/em><br \/>\nDebido a las diferentes penetraciones de profundidad de los dispositivos avanzados de Viora, se pueden tratar lesiones faciales.<\/p>\n<p><em>\u00bfSe requiere anestesia t\u00f3pica para prevenir el dolor?<\/em><br \/>\nDebido a la tecnolog\u00eda patentada PCR \u2122 y al enfriamiento por contacto avanzado, el tratamiento es bien tolerado, no se requiere anestesia t\u00f3pica.<\/p>\n\n\t\t<\/div>\n\t<\/div>\n\n\t<div class=\"wpb_text_column wpb_content_element\" >\n\t\t<div class=\"wpb_wrapper\">\n\t\t\t<a class=\"flat-custom-button align-btn-left\" href=\"\/es\/contact\/\" title=\"Reserva tu cita\"><span style=\"padding:10px 20px; background-color:transparent; border:1px solid #947A99; color:#947A99; font-size:14px;\">Reserva tu cita<\/span><\/a>\n\n\t\t<\/div>\n\t<\/div>\n<\/div><\/div><\/div><\/div><\/div><\/div><\/div><\/div><\/section><div class=\"vc_row-full-width vc_clearfix\"><\/div>\n<\/div>","protected":false},"excerpt":{"rendered":"Vascular Clearance Free your skin from redness or any vascular lesions Effective treatment of vascular malformations causing Port-wine stains, Spider veins, Rosacea, and more. VASCULAR CLEARANCE Vascular malformations (or lesions) are a result of venous hypertension within underlying varicose veins and blood flow abnormalities within the reticular","protected":false},"author":1,"featured_media":0,"parent":41,"menu_order":0,"comment_status":"closed","ping_status":"closed","template":"page-FullWidth.php","meta":{"footnotes":""},"class_list":["post-1636","page","type-page","status-publish","hentry"],"_links":{"self":[{"href":"https:\/\/vidaliftclinic.com\/es\/wp-json\/wp\/v2\/pages\/1636","targetHints":{"allow":["GET"]}}],"collection":[{"href":"https:\/\/vidaliftclinic.com\/es\/wp-json\/wp\/v2\/pages"}],"about":[{"href":"https:\/\/vidaliftclinic.com\/es\/wp-json\/wp\/v2\/types\/page"}],"author":[{"embeddable":true,"href":"https:\/\/vidaliftclinic.com\/es\/wp-json\/wp\/v2\/users\/1"}],"replies":[{"embeddable":true,"href":"https:\/\/vidaliftclinic.com\/es\/wp-json\/wp\/v2\/comments?post=1636"}],"version-history":[{"count":3,"href":"https:\/\/vidaliftclinic.com\/es\/wp-json\/wp\/v2\/pages\/1636\/revisions"}],"predecessor-version":[{"id":1692,"href":"https:\/\/vidaliftclinic.com\/es\/wp-json\/wp\/v2\/pages\/1636\/revisions\/1692"}],"up":[{"embeddable":true,"href":"https:\/\/vidaliftclinic.com\/es\/wp-json\/wp\/v2\/pages\/41"}],"wp:attachment":[{"href":"https:\/\/vidaliftclinic.com\/es\/wp-json\/wp\/v2\/media?parent=1636"}],"curies":[{"name":"wp","href":"https:\/\/api.w.org\/{rel}","templated":true}]}}