{"id":1624,"date":"2020-12-11T12:11:40","date_gmt":"2020-12-11T12:11:40","guid":{"rendered":"https:\/\/vidalifespa.com\/?page_id=1624"},"modified":"2020-12-23T20:40:32","modified_gmt":"2020-12-23T20:40:32","slug":"deep-pore-cleansing-facial","status":"publish","type":"page","link":"https:\/\/vidaliftclinic.com\/es\/services\/deep-pore-cleansing-facial\/","title":{"rendered":"Facial de limpieza profunda de poros"},"content":{"rendered":"<div class=\"wpb-content-wrapper\"><div class=\"vc_row wpb_row vc_row-fluid vc_custom_1606394282353 vc_row-has-fill\"><div class=\"wpb_column vc_column_container vc_col-sm-12\"><div class=\"vc_column-inner\"><div class=\"wpb_wrapper\">\n\t<div class=\"wpb_text_column wpb_content_element\" >\n\t\t<div class=\"wpb_wrapper\">\n\t\t\t<h1 style=\"margin: 35px 0px 1px; text-align: center; font-size: 44px; color: #9eadab;\">Facial de limpieza profunda de poros<\/h1>\n<h6 style=\"margin: 1px 0px 30px; text-align: center;\">Saldr\u00e1 con su rostro sinti\u00e9ndose limpio, radiante y fresco<\/h6>\n\n\t\t<\/div>\n\t<\/div>\n\n\t<div class=\"wpb_text_column wpb_content_element\" >\n\t\t<div class=\"wpb_wrapper\">\n\t\t\t<div style=\"margin: 0px 0px 80px; text-align: center; color: #777777;\">Tratamiento eficaz para una serie de enfermedades en la piel.<\/div>\n\n\t\t<\/div>\n\t<\/div>\n<\/div><\/div><\/div><\/div><section data-vc-full-width=\"true\" data-vc-full-width-init=\"false\" class=\"vc_section vc_custom_1606487885689 vc_section-has-fill vc_section-o-content-top vc_section-flex\"><div class=\"vc_row wpb_row vc_row-fluid vc_custom_1604341306933 vc_row-o-equal-height vc_row-flex\"><div class=\"wpb_column vc_column_container vc_col-sm-12\"><div class=\"vc_column-inner\"><div class=\"wpb_wrapper\"><div class=\"vc_row wpb_row vc_inner vc_row-fluid vc_row-o-equal-height vc_row-o-content-top vc_row-flex\"><div class=\"wpb_column vc_column_container vc_col-sm-4\"><div class=\"vc_column-inner vc_custom_1604341283440\"><div class=\"wpb_wrapper\">\n\t<div  class=\"wpb_single_image wpb_content_element vc_align_center wpb_content_element\">\n\t\t\n\t\t<figure class=\"wpb_wrapper vc_figure\">\n\t\t\t<div class=\"vc_single_image-wrapper vc_box_shadow_3d  vc_box_border_grey\"><img loading=\"lazy\" decoding=\"async\" width=\"400\" height=\"300\" src=\"https:\/\/vidaliftclinic.com\/wp-content\/uploads\/2020\/12\/Deep-Pore-Cleansing-Facial.jpg\" class=\"vc_single_image-img attachment-full\" alt=\"Deep Pore Cleansing Facial\" title=\"Facial de limpieza profunda de poros\" \/><\/div>\n\t\t<\/figure>\n\t<\/div>\n<\/div><\/div><\/div><div class=\"wpb_column vc_column_container vc_col-sm-8\"><div class=\"vc_column-inner vc_custom_1487970800943\"><div class=\"wpb_wrapper\">\n\t<div class=\"wpb_text_column wpb_content_element\" >\n\t\t<div class=\"wpb_wrapper\">\n\t\t\t<h2 style=\"color: #9eadac; text-align: left;\">Facial de limpieza profunda<\/h2>\n\n\t\t<\/div>\n\t<\/div>\n<div class=\"vc_separator wpb_content_element vc_separator_align_center vc_sep_width_100 vc_sep_dotted vc_sep_pos_align_center vc_separator_no_text vc_sep_color_mulled_wine wpb_content_element  wpb_content_element\" ><span class=\"vc_sep_holder vc_sep_holder_l\"><span class=\"vc_sep_line\"><\/span><\/span><span class=\"vc_sep_holder vc_sep_holder_r\"><span class=\"vc_sep_line\"><\/span><\/span>\n<\/div>\n\t<div class=\"wpb_text_column wpb_content_element vc_custom_1608755925826\" >\n\t\t<div class=\"wpb_wrapper\">\n\t\t\t<h3>\u00bfQu\u00e9 es un facial de limpieza profunda?<\/h3>\n<p>Los tratamientos faciales de limpieza profunda utilizan una variedad de productos y artefactos para limpiar su rostro m\u00e1s a fondo de lo que suelen proporcionar otros tratamientos.<\/p>\n<h3>\u00bfC\u00f3mo es el proceso?<\/h3>\n<p>Su rostro se vaporiza para abrir los poros. Entonces puede esperar una extracci\u00f3n de sebo, puntos negros e incluso milias. Adem\u00e1s de t\u00f3nico, alta frecuencia, mascarilla, sueros e hidratantes de acuerdo a la necesidad de su piel.<\/p>\n<p>Una limpieza profunda extraer\u00e1 la grasa y la suciedad de los poros y utilizar\u00e1 productos m\u00e1s eficaces a los que se encuentran normalmente en las tiendas.<\/p>\n<h3>\u00bfCu\u00e1les son los beneficios de un facial de limpieza profunda?<\/h3>\n<ul>\n<li>Se eliminan los puntos negros y milias.<\/li>\n<li>Mejora las pieles grasas, propensas al acn\u00e9 y congestionadas<\/li>\n<li>Reduce los poros dilatados<\/li>\n<li>Mejora la apariencia de la piel<\/li>\n<li>Mejora la textura y el color de la piel<\/li>\n<li>Elimina el exceso de sebo, aceite, obstrucciones<\/li>\n<li>Aumenta la circulaci\u00f3n sangu\u00ednea y linf\u00e1tica<\/li>\n<li>Ayuda a controlar la producci\u00f3n de grasa y sebo<\/li>\n<li>Oxigena la piel<\/li>\n<\/ul>\n<h3>\u00bfCu\u00e1les son los riesgos?<\/h3>\n<p>Al igual que con otros tratamientos faciales, las personas con piel sensible pueden experimentar cierta irritaci\u00f3n, enrojecimiento y sequedad en la piel.  El enrojecimiento puede ser causado por las extracciones o por los qu\u00edmicos que se encuentran en el tratamiento de limpieza.  Ambos son solo temporales y deber\u00edan desaparecer en unos pocos d\u00edas.<\/p>\n<p>Also, people who are sensitive to pain may want to avoid extractions that feel like a pinch on the skin. Remember to communicate with your esthetician if anything feels uncomfortable!<\/p>\n<p>Saldr\u00e1 con su rostro sinti\u00e9ndose limpio, radiante y fresco.<\/p>\n<p>Para obtener resultados \u00f3ptimos, se recomienda un tratamiento cada 4 a 6 semanas.<\/p>\n\n\t\t<\/div>\n\t<\/div>\n\n\t<div class=\"wpb_text_column wpb_content_element\" >\n\t\t<div class=\"wpb_wrapper\">\n\t\t\t<a class=\"flat-custom-button align-btn-left\" href=\"\/es\/contact\/\" title=\"Reserva tu cita\"><span style=\"padding:10px 20px; background-color:transparent; border:1px solid #947A99; color:#947A99; font-size:14px;\">Reserva tu cita<\/span><\/a>\n\n\t\t<\/div>\n\t<\/div>\n<\/div><\/div><\/div><\/div><\/div><\/div><\/div><\/div><\/section><div class=\"vc_row-full-width vc_clearfix\"><\/div>\n<\/div>","protected":false},"excerpt":{"rendered":"Deep Pore Cleansing Facial Leaves your face feeling clean, glowing &amp; refreshed Effective treatment for a number of problematic skin conditions. DEEP PORE CLEANSING FACIAL What is a Deep Pore Cleansing Facial? Deep cleansing facials use a variety of treatments to clean your face more thoroughly than","protected":false},"author":1,"featured_media":0,"parent":41,"menu_order":0,"comment_status":"closed","ping_status":"closed","template":"page-FullWidth.php","meta":{"footnotes":""},"class_list":["post-1624","page","type-page","status-publish","hentry"],"_links":{"self":[{"href":"https:\/\/vidaliftclinic.com\/es\/wp-json\/wp\/v2\/pages\/1624","targetHints":{"allow":["GET"]}}],"collection":[{"href":"https:\/\/vidaliftclinic.com\/es\/wp-json\/wp\/v2\/pages"}],"about":[{"href":"https:\/\/vidaliftclinic.com\/es\/wp-json\/wp\/v2\/types\/page"}],"author":[{"embeddable":true,"href":"https:\/\/vidaliftclinic.com\/es\/wp-json\/wp\/v2\/users\/1"}],"replies":[{"embeddable":true,"href":"https:\/\/vidaliftclinic.com\/es\/wp-json\/wp\/v2\/comments?post=1624"}],"version-history":[{"count":4,"href":"https:\/\/vidaliftclinic.com\/es\/wp-json\/wp\/v2\/pages\/1624\/revisions"}],"predecessor-version":[{"id":1850,"href":"https:\/\/vidaliftclinic.com\/es\/wp-json\/wp\/v2\/pages\/1624\/revisions\/1850"}],"up":[{"embeddable":true,"href":"https:\/\/vidaliftclinic.com\/es\/wp-json\/wp\/v2\/pages\/41"}],"wp:attachment":[{"href":"https:\/\/vidaliftclinic.com\/es\/wp-json\/wp\/v2\/media?parent=1624"}],"curies":[{"name":"wp","href":"https:\/\/api.w.org\/{rel}","templated":true}]}}