{"id":1620,"date":"2020-12-11T12:02:06","date_gmt":"2020-12-11T12:02:06","guid":{"rendered":"https:\/\/vidalifespa.com\/?page_id=1620"},"modified":"2020-12-11T20:55:49","modified_gmt":"2020-12-11T20:55:49","slug":"hydrafacial","status":"publish","type":"page","link":"https:\/\/vidaliftclinic.com\/es\/services\/hydrafacial\/","title":{"rendered":"HydraFacial"},"content":{"rendered":"<div class=\"wpb-content-wrapper\"><div class=\"vc_row wpb_row vc_row-fluid vc_custom_1606394282353 vc_row-has-fill\"><div class=\"wpb_column vc_column_container vc_col-sm-12\"><div class=\"vc_column-inner\"><div class=\"wpb_wrapper\">\n\t<div class=\"wpb_text_column wpb_content_element\" >\n\t\t<div class=\"wpb_wrapper\">\n\t\t\t<h1 style=\"margin: 35px 0px 1px; text-align: center; font-size: 44px; color: #9eadab;\">HydraFacial<\/h1>\n<h6 style=\"margin: 1px 0px 30px; text-align: center;\">Rejuvenecimiento de la piel para una apariencia radiante y saludable<\/h6>\n\n\t\t<\/div>\n\t<\/div>\n\n\t<div class=\"wpb_text_column wpb_content_element\" >\n\t\t<div class=\"wpb_wrapper\">\n\t\t\t<div style=\"margin: 0px 0px 80px; text-align: center; color: #777777;\">Tratamiento eficaz para una serie de enfermedades en la piel.<\/div>\n\n\t\t<\/div>\n\t<\/div>\n<\/div><\/div><\/div><\/div><section data-vc-full-width=\"true\" data-vc-full-width-init=\"false\" class=\"vc_section vc_custom_1606487885689 vc_section-has-fill vc_section-o-content-top vc_section-flex\"><div class=\"vc_row wpb_row vc_row-fluid vc_custom_1604341306933 vc_row-o-equal-height vc_row-flex\"><div class=\"wpb_column vc_column_container vc_col-sm-12\"><div class=\"vc_column-inner\"><div class=\"wpb_wrapper\"><div class=\"vc_row wpb_row vc_inner vc_row-fluid vc_row-o-equal-height vc_row-o-content-top vc_row-flex\"><div class=\"wpb_column vc_column_container vc_col-sm-4\"><div class=\"vc_column-inner vc_custom_1604341283440\"><div class=\"wpb_wrapper\">\n\t<div  class=\"wpb_single_image wpb_content_element vc_align_center wpb_content_element\">\n\t\t\n\t\t<figure class=\"wpb_wrapper vc_figure\">\n\t\t\t<div class=\"vc_single_image-wrapper vc_box_shadow_3d  vc_box_border_grey\"><img loading=\"lazy\" decoding=\"async\" width=\"400\" height=\"267\" src=\"https:\/\/vidaliftclinic.com\/wp-content\/uploads\/2020\/12\/HydraFacial.jpg\" class=\"vc_single_image-img attachment-full\" alt=\"HydraFacial\" title=\"HydraFacial\" \/><\/div>\n\t\t<\/figure>\n\t<\/div>\n<\/div><\/div><\/div><div class=\"wpb_column vc_column_container vc_col-sm-8\"><div class=\"vc_column-inner vc_custom_1487970800943\"><div class=\"wpb_wrapper\">\n\t<div class=\"wpb_text_column wpb_content_element\" >\n\t\t<div class=\"wpb_wrapper\">\n\t\t\t<h2 style=\"color: #9eadac; text-align: left;\">HydraFacial<\/h2>\n\n\t\t<\/div>\n\t<\/div>\n<div class=\"vc_separator wpb_content_element vc_separator_align_center vc_sep_width_100 vc_sep_dotted vc_sep_pos_align_center vc_separator_no_text vc_sep_color_mulled_wine wpb_content_element  wpb_content_element\" ><span class=\"vc_sep_holder vc_sep_holder_l\"><span class=\"vc_sep_line\"><\/span><\/span><span class=\"vc_sep_holder vc_sep_holder_r\"><span class=\"vc_sep_line\"><\/span><\/span>\n<\/div>\n\t<div class=\"wpb_text_column wpb_content_element vc_custom_1607688515707\" >\n\t\t<div class=\"wpb_wrapper\">\n\t\t\t<h3>\u00bfQu\u00e9 es HydroFacial?<\/h3>\n<p>El famoso tratamiento HydroFacial es un procedimiento de m\u00faltiples pasos suave y eficaz que integra una variedad de m\u00e9todos de rejuvenecimiento de la piel para brindarle una apariencia saludable y radiante.  Combina limpieza, exfoliaci\u00f3n, extracci\u00f3n e hidrataci\u00f3n, lo que lo convierte en un tratamiento facial muy popular.<\/p>\n<h3>\u00bfQui\u00e9n puede beneficiarse de un tratamiento HydroFacial?<\/h3>\n<p>HydroFacial es \u00fanico y se puede utilizar para tratar todas las edades, colores y tipos de piel.  Los tratamientos se pueden personalizar seg\u00fan sus inquietudes espec\u00edficas, por lo que las personas con piel sensible e incluso con acn\u00e9 pueden recibir tratamiento.  Los tratamientos HydroFacial son efectivos para una serie de afecciones cut\u00e1neas problem\u00e1ticas que incluyen:<\/p>\n<ul>\n<li style=\"text-align: left;\">Poros dilatados<\/li>\n<li style=\"text-align: left;\">Acn\u00e9<\/li>\n<li style=\"text-align: left;\">l\u00edneas finas y arrugas<\/li>\n<li style=\"text-align: left;\">Da\u00f1o solar<\/li>\n<li style=\"text-align: left;\">Tono y textura de piel desiguales<\/li>\n<li style=\"text-align: left;\">Piel grasa y congestionada<\/li>\n<li style=\"text-align: left;\">Elasticidad y firmeza<\/li>\n<\/ul>\n<p>No tendr\u00e1s que evitar el sol despu\u00e9s de tu tratamiento HydroFacial.  Este procedimiento se puede realizar en cualquier \u00e9poca del a\u00f1o sin preocuparse por la fotosensibilidad.<\/p>\n<h3>\u00bfC\u00f3mo prepararse?<\/h3>\n<p>Hay una lista de preparaci\u00f3n que incluye:<\/p>\n<ul>\n<li>No broncearse ni usar autobronceador<\/li>\n<li>Evitar exfoliantes o mascarillas agresivas<\/li>\n<li>No recibir rellenos inyectables<\/li>\n<li>Suspender el uso de Retin A de prescripci\u00f3n m\u00e9dica<\/li>\n<\/ul>\n<h3>\u00bfC\u00f3mo es el proceso?<\/h3>\n<p>Este tratamiento para el cuidado de la piel se realiza en un proceso de cuatro pasos que transformar\u00e1 su piel de apagada a radiante en solo 30 minutos.<\/p>\n<p>Limpieza y exfoliaci\u00f3n: su esteticista le dar\u00e1 una limpieza manual exfoliando suavemente las capas externas de su piel.  Luego se utiliza un dispositivo que incorpora tanto la presi\u00f3n del agua como una punta texturizada para eliminar las impurezas lo que proporciona una limpieza mucho m\u00e1s profunda.<\/p>\n<p>Exfoliaci\u00f3n con \u00e1cido: exfoliantes de limpieza, suave y no irritante, exfoliaci\u00f3n suave. Incluye retenci\u00f3n de humedad duradera, promueve la regeneraci\u00f3n de col\u00e1geno.<\/p>\n<p>Extracci\u00f3n: exfoliante de acn\u00e9 , suave y no irritante, fuerte poder de limpieza, brillo suave, alivia el acne y otros problemas. hidrata y calma eficazmente la piel.<\/p>\n<p>Hidrataci\u00f3n: Hidrata y nutre la piel, mejora la apariencia de la piel, ayuda a unificar el tono de la piel, el suministro de nutrientes de vitamina C a la piel, restaura las c\u00e9lulas da\u00f1adas, ayuda a la regeneraci\u00f3n.<\/p>\n<h3>\u00bfQu\u00e9 resultados puede esperar?<\/h3>\n<p>Ver\u00e1 una tez m\u00e1s radiante casi inmediatamente despu\u00e9s de su tratamiento HydroFacial.  Su piel estar\u00e1 suave y brillante por la hidrataci\u00f3n y sus poros ser\u00e1n visiblemente m\u00e1s peque\u00f1os.<\/p>\n<p>Se recomiendan m\u00faltiples tratamientos de Hydrofacial para obtener resultados \u00f3ptimos.  Si lo hace, maximizar\u00e1 los beneficios y garantizar\u00e1 que mantenga sus hermosos y brillantes resultados.  Se recomienda que comience con cuatro a seis tratamientos, realizados con dos semanas de diferencia.<\/p>\n<h3>\u00bfCu\u00e1les son los riesgos?<\/h3>\n<p>No se requiere absolutamente ning\u00fan tiempo de inactividad despu\u00e9s de someterse a una sesi\u00f3n de tratamiento y no tendr\u00e1 que preocuparse por la irritaci\u00f3n de la piel.  Ese es uno de los grandes beneficios de este tratamiento,  y puede reanudar sus actividades regulares inmediatamente despu\u00e9s de su sesi\u00f3n de tratamiento.  Hay solo algunas cosas posteriores al tratamiento a tener en cuenta que incluyen:<\/p>\n<ul>\n<li>Evite lavarse la cara o ducharse durante 6 horas.<\/li>\n<li>Ninguna actividad f\u00edsica rigurosa durante aproximadamente 6 horas.<\/li>\n<li>Durante 2 semanas despu\u00e9s de su sesi\u00f3n, evite cualquier exfoliaci\u00f3n qu\u00edmica o microdermoabrasi\u00f3n.<\/li>\n<li>Durante 2 d\u00edas despu\u00e9s de su tratamiento, no use exfoliantes qu\u00edmicos.<\/li>\n<li>El protector solar debe aplicarse todos los d\u00edas durante al menos una semana despu\u00e9s de su tratamiento.<\/li>\n<\/ul>\n\n\t\t<\/div>\n\t<\/div>\n\n\t<div class=\"wpb_text_column wpb_content_element\" >\n\t\t<div class=\"wpb_wrapper\">\n\t\t\t<a class=\"flat-custom-button align-btn-left\" href=\"\/es\/contact\/\" title=\"Reserva tu cita\"><span style=\"padding:10px 20px; background-color:transparent; border:1px solid #947A99; color:#947A99; font-size:14px;\">Reserva tu cita<\/span><\/a>\n\n\t\t<\/div>\n\t<\/div>\n<\/div><\/div><\/div><\/div><\/div><\/div><\/div><\/div><\/section><div class=\"vc_row-full-width vc_clearfix\"><\/div>\n<\/div>","protected":false},"excerpt":{"rendered":"HydraFacial Skin rejuvenation for a healthier, radiant appearance Effective treatment for a number of problematic skin conditions. HydraFacial What Is HydraFacial The celebrity-famous HydraFacial treatment is a gentle and effective multi-step procedure that integrates a variety of skin rejuvenating methods in order to give you a healthy,","protected":false},"author":1,"featured_media":0,"parent":41,"menu_order":0,"comment_status":"closed","ping_status":"closed","template":"page-FullWidth.php","meta":{"footnotes":""},"class_list":["post-1620","page","type-page","status-publish","hentry"],"_links":{"self":[{"href":"https:\/\/vidaliftclinic.com\/es\/wp-json\/wp\/v2\/pages\/1620","targetHints":{"allow":["GET"]}}],"collection":[{"href":"https:\/\/vidaliftclinic.com\/es\/wp-json\/wp\/v2\/pages"}],"about":[{"href":"https:\/\/vidaliftclinic.com\/es\/wp-json\/wp\/v2\/types\/page"}],"author":[{"embeddable":true,"href":"https:\/\/vidaliftclinic.com\/es\/wp-json\/wp\/v2\/users\/1"}],"replies":[{"embeddable":true,"href":"https:\/\/vidaliftclinic.com\/es\/wp-json\/wp\/v2\/comments?post=1620"}],"version-history":[{"count":3,"href":"https:\/\/vidaliftclinic.com\/es\/wp-json\/wp\/v2\/pages\/1620\/revisions"}],"predecessor-version":[{"id":1686,"href":"https:\/\/vidaliftclinic.com\/es\/wp-json\/wp\/v2\/pages\/1620\/revisions\/1686"}],"up":[{"embeddable":true,"href":"https:\/\/vidaliftclinic.com\/es\/wp-json\/wp\/v2\/pages\/41"}],"wp:attachment":[{"href":"https:\/\/vidaliftclinic.com\/es\/wp-json\/wp\/v2\/media?parent=1620"}],"curies":[{"name":"wp","href":"https:\/\/api.w.org\/{rel}","templated":true}]}}