{"id":1617,"date":"2020-12-11T11:53:26","date_gmt":"2020-12-11T11:53:26","guid":{"rendered":"https:\/\/vidalifespa.com\/?page_id=1617"},"modified":"2020-12-11T20:57:28","modified_gmt":"2020-12-11T20:57:28","slug":"microdermabrasion","status":"publish","type":"page","link":"https:\/\/vidaliftclinic.com\/es\/services\/microdermabrasion\/","title":{"rendered":"Microdermoabrasi\u00f3n"},"content":{"rendered":"<div class=\"wpb-content-wrapper\"><div class=\"vc_row wpb_row vc_row-fluid vc_custom_1606394282353 vc_row-has-fill\"><div class=\"wpb_column vc_column_container vc_col-sm-12\"><div class=\"vc_column-inner\"><div class=\"wpb_wrapper\">\n\t<div class=\"wpb_text_column wpb_content_element\" >\n\t\t<div class=\"wpb_wrapper\">\n\t\t\t<h1 style=\"margin: 35px 0px 1px; text-align: center; font-size: 44px; color: #9eadab;\">Microdermoabrasi\u00f3n<\/h1>\n<h6 style=\"margin: 1px 0px 30px; text-align: center;\">La reducci\u00f3n de las l\u00edneas finas, el da\u00f1o solar temprano y el tratamiento<\/h6>\n\n\t\t<\/div>\n\t<\/div>\n\n\t<div class=\"wpb_text_column wpb_content_element\" >\n\t\t<div class=\"wpb_wrapper\">\n\t\t\t<div style=\"margin: 0px 0px 80px; text-align: center; color: #777777;\">\u00a0Para un cutis m\u00e1s radiante y una piel m\u00e1s firme y de aspecto m\u00e1s j\u00f3ven.<\/div>\n\n\t\t<\/div>\n\t<\/div>\n<\/div><\/div><\/div><\/div><section data-vc-full-width=\"true\" data-vc-full-width-init=\"false\" class=\"vc_section vc_custom_1606487885689 vc_section-has-fill vc_section-o-content-top vc_section-flex\"><div class=\"vc_row wpb_row vc_row-fluid vc_custom_1604341306933 vc_row-o-equal-height vc_row-flex\"><div class=\"wpb_column vc_column_container vc_col-sm-12\"><div class=\"vc_column-inner\"><div class=\"wpb_wrapper\"><div class=\"vc_row wpb_row vc_inner vc_row-fluid vc_row-o-equal-height vc_row-o-content-top vc_row-flex\"><div class=\"wpb_column vc_column_container vc_col-sm-4\"><div class=\"vc_column-inner vc_custom_1604341283440\"><div class=\"wpb_wrapper\">\n\t<div  class=\"wpb_single_image wpb_content_element vc_align_center wpb_content_element\">\n\t\t\n\t\t<figure class=\"wpb_wrapper vc_figure\">\n\t\t\t<div class=\"vc_single_image-wrapper vc_box_shadow_3d  vc_box_border_grey\"><img loading=\"lazy\" decoding=\"async\" width=\"400\" height=\"267\" src=\"https:\/\/vidaliftclinic.com\/wp-content\/uploads\/2020\/12\/Microdermabrasion.jpg\" class=\"vc_single_image-img attachment-full\" alt=\"Microdermabrasion\" title=\"Microdermoabrasi\u00f3n\" \/><\/div>\n\t\t<\/figure>\n\t<\/div>\n<\/div><\/div><\/div><div class=\"wpb_column vc_column_container vc_col-sm-8\"><div class=\"vc_column-inner vc_custom_1487970800943\"><div class=\"wpb_wrapper\">\n\t<div class=\"wpb_text_column wpb_content_element\" >\n\t\t<div class=\"wpb_wrapper\">\n\t\t\t<h2 style=\"color: #9eadac; text-align: left;\">Microdermoabrasi\u00f3n<\/h2>\n\n\t\t<\/div>\n\t<\/div>\n<div class=\"vc_separator wpb_content_element vc_separator_align_center vc_sep_width_100 vc_sep_dotted vc_sep_pos_align_center vc_separator_no_text vc_sep_color_mulled_wine wpb_content_element  wpb_content_element\" ><span class=\"vc_sep_holder vc_sep_holder_l\"><span class=\"vc_sep_line\"><\/span><\/span><span class=\"vc_sep_holder vc_sep_holder_r\"><span class=\"vc_sep_line\"><\/span><\/span>\n<\/div>\n\t<div class=\"wpb_text_column wpb_content_element vc_custom_1607688088076\" >\n\t\t<div class=\"wpb_wrapper\">\n\t\t\t<p>La microdermoabrasi\u00f3n, un procedimiento popular desde que se introdujo en 1996, es un tratamiento cosm\u00e9tico r\u00e1pido e indoloro, sin tiempo de inactividad y con un riesgo m\u00ednimo.  La reducci\u00f3n de las l\u00edneas finas, el da\u00f1o solar temprano y el tratamiento de las marcas leves del acn\u00e9 para mejorar la apariencia de la piel son los usos principales de la microdermabrasi\u00f3n.  No es una soluci\u00f3n para las cicatrices profundas del acn\u00e9 o las arrugas profundas.  El rostro es el \u00e1rea m\u00e1s com\u00fan para el uso de microdermoabrasi\u00f3n.  Tambi\u00e9n se pueden tratar el cuello, el escote, la espalda y las manos.<\/p>\n<h3>\u00bfC\u00f3mo es el proceso?<\/h3>\n<p>El procedimiento se realiza en cabina y suele tardar aproximadamente una hora.  Un tratamiento de microdermoabrasi\u00f3n no requiere anestesia ni un agente anest\u00e9sico.<\/p>\n<p>Estar\u00e1 sentado en una silla reclinable durante el procedimiento.  Se usa un dispositivo para exfoliar las c\u00e9lulas muertas en la epidermis en las \u00e1reas espec\u00edficas, y el dispositivo succiona simult\u00e1neamente las c\u00e9lulas exfoliadas.  Se aplicar\u00e1 una crema hidratante, as\u00ed como un protector solar, en la piel al final del tratamiento.<\/p>\n<h3>\u00bfCu\u00e1les son los riesgos?<\/h3>\n<p>Hay poco o ning\u00fan tiempo de inactividad despu\u00e9s de la microdermoabrasi\u00f3n y sus actividades diarias pueden reanudarse de inmediato.<\/p>\n<p>Un leve enrojecimiento de la piel es el resultado deseado y, por lo general, se resuelve en minutos u horas despu\u00e9s de la microdermoabrasi\u00f3n.  Tambi\u00e9n puede producirse una leve exfoliaci\u00f3n de la piel.<\/p>\n<p>Los clientes tambi\u00e9n pueden experimentar una leve sensaci\u00f3n similar a una quemadura solar durante unos d\u00edas.<\/p>\n<p>Deber\u00e1 mantener la piel hidratada y utilizar productos para el cuidado de la piel suaves.  No tome medicamentos t\u00f3picos para el acn\u00e9 durante al menos un d\u00eda despu\u00e9s del tratamiento.  Es importante proteger su piel con protector solar ya que su piel ser\u00e1 m\u00e1s sensible al sol en las pocas semanas posteriores a su tratamiento.<\/p>\n<h3>\u00bfQu\u00e9 resultados puede esperar?<\/h3>\n<p>Se pueden esperar resultados notables inmediatamente despu\u00e9s del procedimiento.  La cantidad de sesiones de microdermoabrasi\u00f3n necesarias depender\u00e1 de las afecciones de su piel y de sus expectativas.<\/p>\n<p>Nuestro personal le asesorar\u00e1 y recomendar\u00e1 un plan para la cantidad de tratamientos necesarios para lograr los resultados deseados.<\/p>\n\n\t\t<\/div>\n\t<\/div>\n\n\t<div class=\"wpb_text_column wpb_content_element\" >\n\t\t<div class=\"wpb_wrapper\">\n\t\t\t<a class=\"flat-custom-button align-btn-left\" href=\"\/es\/contact\/\" title=\"Reserva tu cita\"><span style=\"padding:10px 20px; background-color:transparent; border:1px solid #947A99; color:#947A99; font-size:14px;\">Reserva tu cita<\/span><\/a>\n\n\t\t<\/div>\n\t<\/div>\n<\/div><\/div><\/div><\/div><\/div><\/div><\/div><\/div><\/section><div class=\"vc_row-full-width vc_clearfix\"><\/div>\n<\/div>","protected":false},"excerpt":{"rendered":"Microdermabrasion Reduce fine lines, mild acne marks, and early sun damage \u00a0For a more radiant complexion and firmer, younger-looking skin. MICRODERMABRASION Microdermabrasion, a popular procedure since it was introduced in 1996, is a quick and painless cosmetic treatment with no downtime and minimal risk. Reducing fine lines,","protected":false},"author":1,"featured_media":0,"parent":41,"menu_order":0,"comment_status":"closed","ping_status":"closed","template":"page-FullWidth.php","meta":{"footnotes":""},"class_list":["post-1617","page","type-page","status-publish","hentry"],"_links":{"self":[{"href":"https:\/\/vidaliftclinic.com\/es\/wp-json\/wp\/v2\/pages\/1617","targetHints":{"allow":["GET"]}}],"collection":[{"href":"https:\/\/vidaliftclinic.com\/es\/wp-json\/wp\/v2\/pages"}],"about":[{"href":"https:\/\/vidaliftclinic.com\/es\/wp-json\/wp\/v2\/types\/page"}],"author":[{"embeddable":true,"href":"https:\/\/vidaliftclinic.com\/es\/wp-json\/wp\/v2\/users\/1"}],"replies":[{"embeddable":true,"href":"https:\/\/vidaliftclinic.com\/es\/wp-json\/wp\/v2\/comments?post=1617"}],"version-history":[{"count":4,"href":"https:\/\/vidaliftclinic.com\/es\/wp-json\/wp\/v2\/pages\/1617\/revisions"}],"predecessor-version":[{"id":1688,"href":"https:\/\/vidaliftclinic.com\/es\/wp-json\/wp\/v2\/pages\/1617\/revisions\/1688"}],"up":[{"embeddable":true,"href":"https:\/\/vidaliftclinic.com\/es\/wp-json\/wp\/v2\/pages\/41"}],"wp:attachment":[{"href":"https:\/\/vidaliftclinic.com\/es\/wp-json\/wp\/v2\/media?parent=1617"}],"curies":[{"name":"wp","href":"https:\/\/api.w.org\/{rel}","templated":true}]}}