{"id":1609,"date":"2020-12-11T11:32:29","date_gmt":"2020-12-11T11:32:29","guid":{"rendered":"https:\/\/vidalifespa.com\/?page_id=1609"},"modified":"2020-12-17T21:37:56","modified_gmt":"2020-12-17T21:37:56","slug":"ultrasonic-cavitation","status":"publish","type":"page","link":"https:\/\/vidaliftclinic.com\/es\/services\/ultrasonic-cavitation\/","title":{"rendered":"Cavitaci\u00f3n ultras\u00f3nica"},"content":{"rendered":"<div class=\"wpb-content-wrapper\"><div class=\"vc_row wpb_row vc_row-fluid vc_custom_1606394282353 vc_row-has-fill\"><div class=\"wpb_column vc_column_container vc_col-sm-12\"><div class=\"vc_column-inner\"><div class=\"wpb_wrapper\">\n\t<div class=\"wpb_text_column wpb_content_element\" >\n\t\t<div class=\"wpb_wrapper\">\n\t\t\t<h1 style=\"margin: 35px 0px 1px; text-align: center; font-size: 44px; color: #9eadab;\">Cavitaci\u00f3n ultras\u00f3nica<\/h1>\n<h6 style=\"margin: 1px 0px 30px; text-align: center;\">La cavitaci\u00f3n, es un tratamiento de contorno corporal<\/h6>\n\n\t\t<\/div>\n\t<\/div>\n\n\t<div class=\"wpb_text_column wpb_content_element\" >\n\t\t<div class=\"wpb_wrapper\">\n\t\t\t<div style=\"margin: 0px 0px 80px; text-align: center; color: #777777;\">Este procedimiento es una alternativa m\u00e1s segura a las opciones quir\u00fargicas, como la liposucci\u00f3n.<\/div>\n\n\t\t<\/div>\n\t<\/div>\n<\/div><\/div><\/div><\/div><section data-vc-full-width=\"true\" data-vc-full-width-init=\"false\" class=\"vc_section vc_custom_1606487885689 vc_section-has-fill vc_section-o-content-top vc_section-flex\"><div class=\"vc_row wpb_row vc_row-fluid vc_custom_1604341306933 vc_row-o-equal-height vc_row-flex\"><div class=\"wpb_column vc_column_container vc_col-sm-12\"><div class=\"vc_column-inner\"><div class=\"wpb_wrapper\"><div class=\"vc_row wpb_row vc_inner vc_row-fluid vc_row-o-equal-height vc_row-o-content-top vc_row-flex\"><div class=\"wpb_column vc_column_container vc_col-sm-4\"><div class=\"vc_column-inner vc_custom_1604341283440\"><div class=\"wpb_wrapper\">\n\t<div  class=\"wpb_single_image wpb_content_element vc_align_center wpb_content_element\">\n\t\t\n\t\t<figure class=\"wpb_wrapper vc_figure\">\n\t\t\t<div class=\"vc_single_image-wrapper vc_box_shadow_3d  vc_box_border_grey\"><img loading=\"lazy\" decoding=\"async\" width=\"400\" height=\"267\" src=\"https:\/\/vidaliftclinic.com\/wp-content\/uploads\/2020\/12\/Ultrasonic-Cavitation.jpg\" class=\"vc_single_image-img attachment-full\" alt=\"Ultrasonic Cavitation\" title=\"Cavitaci\u00f3n ultras\u00f3nica\" \/><\/div>\n\t\t<\/figure>\n\t<\/div>\n<\/div><\/div><\/div><div class=\"wpb_column vc_column_container vc_col-sm-8\"><div class=\"vc_column-inner vc_custom_1487970800943\"><div class=\"wpb_wrapper\">\n\t<div class=\"wpb_text_column wpb_content_element\" >\n\t\t<div class=\"wpb_wrapper\">\n\t\t\t<h2 style=\"color: #9eadac; text-align: left;\">Cavitaci\u00f3n ultras\u00f3nica<\/h2>\n\n\t\t<\/div>\n\t<\/div>\n<div class=\"vc_separator wpb_content_element vc_separator_align_center vc_sep_width_100 vc_sep_dotted vc_sep_pos_align_center vc_separator_no_text vc_sep_color_mulled_wine wpb_content_element  wpb_content_element\" ><span class=\"vc_sep_holder vc_sep_holder_l\"><span class=\"vc_sep_line\"><\/span><\/span><span class=\"vc_sep_holder vc_sep_holder_r\"><span class=\"vc_sep_line\"><\/span><\/span>\n<\/div>\n\t<div class=\"wpb_text_column wpb_content_element vc_custom_1607687546928\" >\n\t\t<div class=\"wpb_wrapper\">\n\t\t\t<h3>\u00bfQu\u00e9 es Cavitaci\u00f3n ultras\u00f3nica?<\/h3>\n<p>La cavitaci\u00f3n, es un tratamiento de contorno corporal que se realiza a trav\u00e9s ondas ultrasonidos de baja frecuencia que, al aplicarlas sobre la piel, crean microburbujas de vac\u00edo en el interior de un l\u00edquido o fluido.<\/p>\n<h3>\u00bfC\u00f3mo es el proceso?<\/h3>\n<p>Este procedimiento es una alternativa m\u00e1s segura a las opciones quir\u00fargicas, como la liposucci\u00f3n.  El tratamiento utiliza ondas de radio ultras\u00f3nicas para deshidratar el tejido adiposo, que luego de un masaje desechar\u00e1 atravez del sistema urinario y linf\u00e1tico.<\/p>\n<p>La cavitaci\u00f3n ultras\u00f3nica es diferente a otros tratamientos similares, como la liposucci\u00f3n por ultrasonido, porque no requiere ninguna incisi\u00f3n.  Esto significa que la recuperaci\u00f3n es m\u00e1s f\u00e1cil.  Tambi\u00e9n significa que los resultados pueden ser menos notables.<\/p>\n<h3>\u00bfQui\u00e9n puede beneficiarse de un tratamiento<\/h3>\n<p>El candidato ideal para realizar cavitacion es alguien que:<\/p>\n<ul>\n<li>goza de buena salud en general<\/li>\n<li>no fuma<\/li>\n<li>tiene expectativas realistas<\/li>\n<li>ya est\u00e1 dentro de las 15 libras de su peso objetivo<\/li>\n<\/ul>\n<p>La cavitaci\u00f3n ultras\u00f3nica est\u00e1 dise\u00f1ada para atacar  \u00e1reas de grasa localizada  y ayudar a moldear su cuerpo.  No es un tratamiento para personas que intentan perder mucho peso.<\/p>\n<h3>\u00bfCu\u00e1les son los riesgos?<\/h3>\n<p>Despu\u00e9s de un tratamiento de cavitaci\u00f3n ultras\u00f3nica, deber\u00eda poder levantarse y conducir hasta su casa.\n<p>\nEl dolor y los hematomas suelen ser m\u00ednimos.  Se le indicar\u00e1 que se hidrate tanto como sea posible despu\u00e9s del procedimiento para ayudar a su cuerpo a eliminar  a trav\u00e9s de su sistema linf\u00e1tico.<\/p>\n<p>\nPero no espere ver resultados de inmediato.  Inmediatamente despu\u00e9s de su cita, su cuerpo puede sentirse hinchado.  Su cuerpo necesita tiempo para descomponer y disolver las c\u00e9lulas grasas que se han desprendido.<\/p>\n<p>\n \nTambi\u00e9n puede requerir tratamientos repetidos para ver resultados visibles.  La mayor\u00eda de los candidatos a este tratamiento ven el resultado final en un plazo de 6 a 12 semanas.  En promedio, el tratamiento requiere de 4 a 9 visitas para obtener resultados visibles.<\/p>\n<p>\n \nLos resultados de este tratamiento son permanentes, siempre y cuando mantenga una dieta saludable y ejercicio.  Si tiene un estilo de vida no activo, los dep\u00f3sitos de grasa pueden regresar a las \u00e1reas que han sido tratadas.<\/p>\n<p>Pain and bruising are usually minimal. You\u2019ll be instructed to hydrate as much as possible after the procedure to help your body flush the fatty cells through your lymphatic system.<\/p>\n<p>But don\u2019t expect to see results right away. Right after your appointment, your body might feel puffy or swollen. It takes time for your body to break down and dissolve the fat cells that have been dislodged.<\/p>\n<p>You may also require repeated treatments to see visible results. Most candidates for this treatment see their final result within 6 to 12 weeks. On average, treatment requires 1 to 3 visits for visible results.<\/p>\n<p>Results of this treatment are permanent, as long as you maintain a healthy diet and exercise. If you have a non-active lifestyle, fat deposits may return to areas that have been treated.<\/p>\n\n\t\t<\/div>\n\t<\/div>\n\n\t<div class=\"wpb_text_column wpb_content_element\" >\n\t\t<div class=\"wpb_wrapper\">\n\t\t\t<a class=\"flat-custom-button align-btn-left\" href=\"\/es\/contact\/\" title=\"Reserva tu cita\"><span style=\"padding:10px 20px; background-color:transparent; border:1px solid #947A99; color:#947A99; font-size:14px;\">Reserva tu cita<\/span><\/a>\n\n\t\t<\/div>\n\t<\/div>\n<\/div><\/div><\/div><\/div><\/div><\/div><\/div><\/div><\/section><div class=\"vc_row-full-width vc_clearfix\"><\/div>\n<\/div>","protected":false},"excerpt":{"rendered":"Ultrasonic Cavitation Also known as Laser Lipo A body contouring treatment that is used to break apart fat deposits under your skin. ULTRASONIC CAVITATION (Laser Lipo) What is Ultrasonic Cavitation? Ultrasonic Cavitation, also known as Laser Lipo, is a body contouring treatment that is used to remove","protected":false},"author":1,"featured_media":0,"parent":41,"menu_order":0,"comment_status":"closed","ping_status":"closed","template":"page-FullWidth.php","meta":{"footnotes":""},"class_list":["post-1609","page","type-page","status-publish","hentry"],"_links":{"self":[{"href":"https:\/\/vidaliftclinic.com\/es\/wp-json\/wp\/v2\/pages\/1609","targetHints":{"allow":["GET"]}}],"collection":[{"href":"https:\/\/vidaliftclinic.com\/es\/wp-json\/wp\/v2\/pages"}],"about":[{"href":"https:\/\/vidaliftclinic.com\/es\/wp-json\/wp\/v2\/types\/page"}],"author":[{"embeddable":true,"href":"https:\/\/vidaliftclinic.com\/es\/wp-json\/wp\/v2\/users\/1"}],"replies":[{"embeddable":true,"href":"https:\/\/vidaliftclinic.com\/es\/wp-json\/wp\/v2\/comments?post=1609"}],"version-history":[{"count":5,"href":"https:\/\/vidaliftclinic.com\/es\/wp-json\/wp\/v2\/pages\/1609\/revisions"}],"predecessor-version":[{"id":1778,"href":"https:\/\/vidaliftclinic.com\/es\/wp-json\/wp\/v2\/pages\/1609\/revisions\/1778"}],"up":[{"embeddable":true,"href":"https:\/\/vidaliftclinic.com\/es\/wp-json\/wp\/v2\/pages\/41"}],"wp:attachment":[{"href":"https:\/\/vidaliftclinic.com\/es\/wp-json\/wp\/v2\/media?parent=1609"}],"curies":[{"name":"wp","href":"https:\/\/api.w.org\/{rel}","templated":true}]}}