{"id":1606,"date":"2020-12-11T10:51:41","date_gmt":"2020-12-11T10:51:41","guid":{"rendered":"https:\/\/vidalifespa.com\/?page_id=1606"},"modified":"2020-12-23T20:44:29","modified_gmt":"2020-12-23T20:44:29","slug":"oxygen-facial","status":"publish","type":"page","link":"https:\/\/vidaliftclinic.com\/es\/services\/oxygen-facial\/","title":{"rendered":"Reducci\u00f3n de cicatrices post-acn\u00e9"},"content":{"rendered":"<div class=\"wpb-content-wrapper\"><div class=\"vc_row wpb_row vc_row-fluid vc_custom_1606394282353 vc_row-has-fill\"><div class=\"wpb_column vc_column_container vc_col-sm-12\"><div class=\"vc_column-inner\"><div class=\"wpb_wrapper\">\n\t<div class=\"wpb_text_column wpb_content_element\" >\n\t\t<div class=\"wpb_wrapper\">\n\t\t\t<h1 style=\"margin: 35px 0px 1px; text-align: center; font-size: 44px; color: #9eadab;\">Reducci\u00f3n de cicatrices post-acn\u00e9<\/h1>\n<h6 style=\"margin: 1px 0px 30px; text-align: center;\">Un facial ox\u00edgenante ayudar\u00e1 a que su piel luzca a\u00fan m\u00e1s luminosa y rejuvenecida<\/h6>\n\n\t\t<\/div>\n\t<\/div>\n\n\t<div class=\"wpb_text_column wpb_content_element\" >\n\t\t<div class=\"wpb_wrapper\">\n\t\t\t<div style=\"margin: 0px 0px 80px; text-align: center; color: #777777;\">Los tratamientos faciales con ox\u00edgeno tambi\u00e9n ayudan a aumentar la producci\u00f3n de col\u00e1geno<\/div>\n\n\t\t<\/div>\n\t<\/div>\n<\/div><\/div><\/div><\/div><section data-vc-full-width=\"true\" data-vc-full-width-init=\"false\" class=\"vc_section vc_custom_1606487885689 vc_section-has-fill vc_section-o-content-top vc_section-flex\"><div class=\"vc_row wpb_row vc_row-fluid vc_custom_1604341306933 vc_row-o-equal-height vc_row-flex\"><div class=\"wpb_column vc_column_container vc_col-sm-12\"><div class=\"vc_column-inner\"><div class=\"wpb_wrapper\"><div class=\"vc_row wpb_row vc_inner vc_row-fluid vc_row-o-equal-height vc_row-o-content-top vc_row-flex\"><div class=\"wpb_column vc_column_container vc_col-sm-4\"><div class=\"vc_column-inner vc_custom_1604341283440\"><div class=\"wpb_wrapper\">\n\t<div  class=\"wpb_single_image wpb_content_element vc_align_center wpb_content_element\">\n\t\t\n\t\t<figure class=\"wpb_wrapper vc_figure\">\n\t\t\t<div class=\"vc_single_image-wrapper vc_box_shadow_3d  vc_box_border_grey\"><img loading=\"lazy\" decoding=\"async\" width=\"267\" height=\"400\" src=\"https:\/\/vidaliftclinic.com\/wp-content\/uploads\/2020\/12\/Oxygen-Facial.jpg\" class=\"vc_single_image-img attachment-full\" alt=\"Oxygen Facial\" title=\"Reducci\u00f3n de cicatrices post-acn\u00e9\" \/><\/div>\n\t\t<\/figure>\n\t<\/div>\n<\/div><\/div><\/div><div class=\"wpb_column vc_column_container vc_col-sm-8\"><div class=\"vc_column-inner vc_custom_1487970800943\"><div class=\"wpb_wrapper\">\n\t<div class=\"wpb_text_column wpb_content_element\" >\n\t\t<div class=\"wpb_wrapper\">\n\t\t\t<h2 style=\"color: #9eadac; text-align: left;\">Oxigenoterapia facial<\/h2>\n\n\t\t<\/div>\n\t<\/div>\n<div class=\"vc_separator wpb_content_element vc_separator_align_center vc_sep_width_100 vc_sep_dotted vc_sep_pos_align_center vc_separator_no_text vc_sep_color_mulled_wine wpb_content_element  wpb_content_element\" ><span class=\"vc_sep_holder vc_sep_holder_l\"><span class=\"vc_sep_line\"><\/span><\/span><span class=\"vc_sep_holder vc_sep_holder_r\"><span class=\"vc_sep_line\"><\/span><\/span>\n<\/div>\n\t<div class=\"wpb_text_column wpb_content_element vc_custom_1608756266348\" >\n\t\t<div class=\"wpb_wrapper\">\n\t\t\t<h3>\u00bfQu\u00e9 es un facial ox\u00edgenante?<\/h3>\n<p>Un facial oxigenante se realiza con una m\u00e1quina que aplica ox\u00edgeno puro presurizado sobre la piel y ayuda a reducir las l\u00edneas finas y las arrugas.  Los tratamientos faciales con ox\u00edgeno tambi\u00e9n ayudan a aumentar la producci\u00f3n de col\u00e1geno, que puede ayudarlo a tener una piel m\u00e1s saludable y de aspecto m\u00e1s joven.<\/p>\n<h3>\u00bfCu\u00e1les son los beneficios de los tratamientos faciales con ox\u00edgeno?<\/h3>\n<p>Los tratamientos faciales con ox\u00edgeno ofrecen una serie de beneficios.  Pueden hacer que la piel luzca m\u00e1s joven, reducir las arrugas y ayudar con la ros\u00e1cea y el acn\u00e9 eventualmente.  Adem\u00e1s, promueven la elasticidad natural de la piel al estimular la producci\u00f3n de col\u00e1geno.  Los tratamientos faciales con ox\u00edgeno pueden incluir infusiones de vitaminas y antioxidantes como parte del proceso, lo que puede mejorar los beneficios del rostro y la salud general de la piel.<\/p>\n<h3>\u00bfQu\u00e9 puedo esperar durante mi cita?<\/h3>\n<p>Si bien puede estar esperando algo como una m\u00e1scara de ox\u00edgeno, el tratamiento en realidad se realiza con un pulverizador. El pulverizador expulsara una presi\u00f3n de ox\u00edgeno en ocaciones combinado con sueros o humectantes de antienvejecimiento en el rostro.  El esteticista pasar\u00e1 por su rostro con el pulverizador hasta cubrir toda el \u00e1rea.<\/p>\n<h3>\u00bfCon qu\u00e9 frecuencia debo hacerme tratamientos faciales con ox\u00edgeno?<\/h3>\n<p>Los esteticistas recomiendan que reciba tratamientos una vez a la semana durante seis semanas al principio, seguidos de retoques cuando sea necesario luego.  Las sesiones oxigenantes son muy cortas, por lo que es mejor programar varias citas en el transcurso de unas pocas semanas.<\/p>\n<h3>\u00bfCu\u00e1les son los efectos secundarios de los tratamientos ox\u00edgenantes?<\/h3>\n<p>Su rostro puede irritarse despu\u00e9s del procedimiento, y puede haber enrojecimiento.  Los efectos secundarios son a corto plazo (no m\u00e1s de dos o tres d\u00edas) y deber\u00edan disminuir cuanto m\u00e1s tratamientos reciba.  Si alg\u00fan efecto secundario dura m\u00e1s de unos pocos d\u00edas, o si le preocupan los efectos secundarios, debe consultar con su esteticista y m\u00e9dico.<\/p>\n\n\t\t<\/div>\n\t<\/div>\n\n\t<div class=\"wpb_text_column wpb_content_element\" >\n\t\t<div class=\"wpb_wrapper\">\n\t\t\t<a class=\"flat-custom-button align-btn-left\" href=\"\/es\/contact\/\" title=\"Reserva tu cita\"><span style=\"padding:10px 20px; background-color:transparent; border:1px solid #947A99; color:#947A99; font-size:14px;\">Reserva tu cita<\/span><\/a>\n\n\t\t<\/div>\n\t<\/div>\n<\/div><\/div><\/div><\/div><\/div><\/div><\/div><\/div><\/section><div class=\"vc_row-full-width vc_clearfix\"><\/div>\n<\/div>","protected":false},"excerpt":{"rendered":"Oxygen Facial Nourish your skin and promote collagen growth Pressurized oxygen onto the skin to help reduce fine lines and wrinkles. OXYGEN FACIAL What is an oxygen facial? Pressurized oxygen is sprayed onto the skin. Oxygen facial treatments help by increasing the production of collagen, which can","protected":false},"author":1,"featured_media":0,"parent":41,"menu_order":0,"comment_status":"closed","ping_status":"closed","template":"page-FullWidth.php","meta":{"footnotes":""},"class_list":["post-1606","page","type-page","status-publish","hentry"],"_links":{"self":[{"href":"https:\/\/vidaliftclinic.com\/es\/wp-json\/wp\/v2\/pages\/1606","targetHints":{"allow":["GET"]}}],"collection":[{"href":"https:\/\/vidaliftclinic.com\/es\/wp-json\/wp\/v2\/pages"}],"about":[{"href":"https:\/\/vidaliftclinic.com\/es\/wp-json\/wp\/v2\/types\/page"}],"author":[{"embeddable":true,"href":"https:\/\/vidaliftclinic.com\/es\/wp-json\/wp\/v2\/users\/1"}],"replies":[{"embeddable":true,"href":"https:\/\/vidaliftclinic.com\/es\/wp-json\/wp\/v2\/comments?post=1606"}],"version-history":[{"count":5,"href":"https:\/\/vidaliftclinic.com\/es\/wp-json\/wp\/v2\/pages\/1606\/revisions"}],"predecessor-version":[{"id":1851,"href":"https:\/\/vidaliftclinic.com\/es\/wp-json\/wp\/v2\/pages\/1606\/revisions\/1851"}],"up":[{"embeddable":true,"href":"https:\/\/vidaliftclinic.com\/es\/wp-json\/wp\/v2\/pages\/41"}],"wp:attachment":[{"href":"https:\/\/vidaliftclinic.com\/es\/wp-json\/wp\/v2\/media?parent=1606"}],"curies":[{"name":"wp","href":"https:\/\/api.w.org\/{rel}","templated":true}]}}