{"id":1497,"date":"2020-10-23T17:29:10","date_gmt":"2020-10-23T17:29:10","guid":{"rendered":"https:\/\/vidalifespa.com\/?page_id=1497"},"modified":"2020-12-11T11:35:55","modified_gmt":"2020-12-11T11:35:55","slug":"microneedling","status":"publish","type":"page","link":"https:\/\/vidaliftclinic.com\/es\/services\/microneedling\/","title":{"rendered":"Microaguja"},"content":{"rendered":"<div class=\"wpb-content-wrapper\"><div class=\"vc_row wpb_row vc_row-fluid vc_custom_1606394282353 vc_row-has-fill\"><div class=\"wpb_column vc_column_container vc_col-sm-12\"><div class=\"vc_column-inner\"><div class=\"wpb_wrapper\">\n\t<div class=\"wpb_text_column wpb_content_element\" >\n\t\t<div class=\"wpb_wrapper\">\n\t\t\t<h1 style=\"margin: 35px 0px 1px; text-align: center; font-size: 44px; color: #9eadab;\">Microaguja<\/h1>\n<h6 style=\"margin: 1px 0px 30px; text-align: center;\">Estiramiento y rejuvenecimiento de la piel<\/h6>\n\n\t\t<\/div>\n\t<\/div>\n\n\t<div class=\"wpb_text_column wpb_content_element\" >\n\t\t<div class=\"wpb_wrapper\">\n\t\t\t<div style=\"margin: 0px 0px 80px; text-align: center; color: #777777;\">Tratamiento eficaz para cicatrices leves relacionadas con el acn\u00e9, las heridas y el envejecimiento. Tambi\u00e9n disfrutar\u00e1s de una piel m\u00e1s brillante y firme.<\/div>\n\n\t\t<\/div>\n\t<\/div>\n<\/div><\/div><\/div><\/div><section data-vc-full-width=\"true\" data-vc-full-width-init=\"false\" class=\"vc_section vc_custom_1606487885689 vc_section-has-fill vc_section-o-content-top vc_section-flex\"><div class=\"vc_row wpb_row vc_row-fluid vc_custom_1604341306933 vc_row-o-equal-height vc_row-flex\"><div class=\"wpb_column vc_column_container vc_col-sm-12\"><div class=\"vc_column-inner\"><div class=\"wpb_wrapper\"><div class=\"vc_row wpb_row vc_inner vc_row-fluid vc_row-o-equal-height vc_row-o-content-top vc_row-flex\"><div class=\"wpb_column vc_column_container vc_col-sm-4\"><div class=\"vc_column-inner vc_custom_1604341283440\"><div class=\"wpb_wrapper\">\n\t<div  class=\"wpb_single_image wpb_content_element vc_align_center wpb_content_element\">\n\t\t\n\t\t<figure class=\"wpb_wrapper vc_figure\">\n\t\t\t<div class=\"vc_single_image-wrapper vc_box_shadow_3d  vc_box_border_grey\"><img loading=\"lazy\" decoding=\"async\" width=\"400\" height=\"267\" src=\"https:\/\/vidaliftclinic.com\/wp-content\/uploads\/2020\/11\/Microneedling.jpg\" class=\"vc_single_image-img attachment-full\" alt=\"\" title=\"Close up side view portrait of a cute caucasian woman doing noni\" srcset=\"https:\/\/vidaliftclinic.com\/wp-content\/uploads\/2020\/11\/Microneedling.jpg 400w, https:\/\/vidaliftclinic.com\/wp-content\/uploads\/2020\/11\/Microneedling-300x200.jpg 300w\" sizes=\"auto, (max-width: 400px) 100vw, 400px\" \/><\/div>\n\t\t<\/figure>\n\t<\/div>\n<\/div><\/div><\/div><div class=\"wpb_column vc_column_container vc_col-sm-8\"><div class=\"vc_column-inner vc_custom_1487970800943\"><div class=\"wpb_wrapper\">\n\t<div class=\"wpb_text_column wpb_content_element\" >\n\t\t<div class=\"wpb_wrapper\">\n\t\t\t<h2 style=\"color: #9eadac; text-align: left;\">microaguja<\/h2>\n\n\t\t<\/div>\n\t<\/div>\n<div class=\"vc_separator wpb_content_element vc_separator_align_center vc_sep_width_100 vc_sep_dotted vc_sep_pos_align_center vc_separator_no_text vc_sep_color_mulled_wine wpb_content_element  wpb_content_element\" ><span class=\"vc_sep_holder vc_sep_holder_l\"><span class=\"vc_sep_line\"><\/span><\/span><span class=\"vc_sep_holder vc_sep_holder_r\"><span class=\"vc_sep_line\"><\/span><\/span>\n<\/div>\n\t<div class=\"wpb_text_column wpb_content_element vc_custom_1607686545952\" >\n\t\t<div class=\"wpb_wrapper\">\n\t\t\t<h3>\u00bfQu\u00e9 es la microaguja?<\/h3>\n<p>Microneedling crea unos micro-canales en la piel que estimulan la producci\u00f3n de col\u00e1geno.<\/p>\n<p>Las microagujas crean una lesi\u00f3n controlada debajo de la superficie de la piel, lo que induce al cuerpo a responder mediante la formaci\u00f3n de nuevas capas de tejido de elastina y fibras de col\u00e1geno.  La piel se rellena y se espesa en respuesta a este est\u00edmulo, lo que finalmente reduce la apariencia de cicatrices, l\u00edneas finas y otros cambios en la textura de la piel.<\/p>\n<h3>Aplicaci\u00f3n y efecto<\/h3>\n<ul>\n<li>Estiramiento y rejuvenecimiento de la piel<\/li>\n<li>Reduce las l\u00edneas finas y las arrugas<\/li>\n<li>Mejora las estr\u00edas<\/li>\n<li>Minimiza el tama\u00f1o de los poros<\/li>\n<li>Mejora las cicatrices queloides, quir\u00fargicas y de acn\u00e9<\/li>\n<\/ul>\n<h3>\u00bfC\u00f3mo es el proceso?<\/h3>\n<p>Este dispositivo de microagujas fraccionadas se combina con una punta de aguja desechable cargada por resorte \u00fanica que utiliza un movimiento automatizado similar a un sello vibratorio que mejora los resultados al tiempo que ofrece un m\u00e9todo de tratamiento m\u00e1s controlado y seguro que otros dispositivos de microagujas, todo mientras causa  menos da\u00f1o epid\u00e9rmico.<\/p>\n<p>Varias agujas sellan verticalmente la epidermis, penetrando en todo tipo de piel, texturas y pigmentos sin riesgo de doblarse, romperse o causar m\u00e1s da\u00f1o epid\u00e9rmico del necesario.  Maniobra f\u00e1cilmente alrededor de todos los contornos y rasgos faciales delicados.<\/p>\n<p>El movimiento de punci\u00f3n automatizado minimiza el dolor y la incomodidad al tiempo que aumenta la eficacia de los tratamientos al promover una absorci\u00f3n uniforme de los t\u00f3picos en la piel.  Es tan eficaz como la terapia con l\u00e1ser fraccional y la IPL, pero tiene un per\u00edodo de recuperaci\u00f3n significativamente m\u00e1s corto.  La microaguja ofrece resultados excepcionales, todo a una fracci\u00f3n del costo.<\/p>\n<h3>Efectos de las microagujas en la piel<\/h3>\n<p>La microaguja ayuda a mejorar el grosor de la dermis y la epidermis y, al hacerlo, mejora la textura de la piel y reduce las arrugas.  Tambi\u00e9n tiene un efecto positivo sobre la hiper e hipopigmentaci\u00f3n (color \/ textura desigual de la piel).  Las cicatrices, especialmente las de acn\u00e9, tambi\u00e9n pueden mejorarse muchas veces con nuevas fibras de col\u00e1geno que elevan el tejido cicatricial deprimido.  Un mejor suministro de sangre al tejido cicatricial fibr\u00f3tico anterior tambi\u00e9n puede mejorar la pigmentaci\u00f3n de las capas externas de la piel.<\/p>\n<h3>Preparaci\u00f3n para el tratamiento<\/h3>\n<p>Preg\u00fantele a su esteticista por instrucciones de tratamiento si est\u00e1 tomando Retin A, terapias autoinmunes, o tiene acn\u00e9 activo y extremo u otras afecciones graves de la piel.<\/p>\n<ul>\n<li>Evite la exposici\u00f3n al sol en el area tratada<\/li>\n<li>No aplique maquillaje el d\u00eda del tratamiento<\/li>\n<\/ul>\n<h3>\u00bfCu\u00e1les son los riesgos?<\/h3>\n<p>Se ver\u00e1 como si tuviera una quemadura solar de moderada a severa y su piel puede sentirse c\u00e1lida y m\u00e1s tersa de lo normal.  Esto es normal y desaparecer\u00e1 despu\u00e9s de 1 a 2 horas y normalmente se recuperar\u00e1 en el mismo d\u00eda o 24 horas.  Su esteticista le indicar\u00e1 un r\u00e9gimen de cuidado de la piel despu\u00e9s del procedimiento.<br \/>\nDespu\u00e9s de un tratamiento de cavitaci\u00f3n ultras\u00f3nica, deber\u00eda poder levantarse y conducir hasta su casa.\n<p>\nEl dolor y los hematomas suelen ser m\u00ednimos.  Se le indicar\u00e1 que se hidrate tanto como sea posible despu\u00e9s del procedimiento para ayudar a su cuerpo a eliminar  a trav\u00e9s de su sistema linf\u00e1tico.<\/p>\n<p>\nPero no espere ver resultados de inmediato.  Inmediatamente despu\u00e9s de su cita, su cuerpo puede sentirse hinchado.  Su cuerpo necesita tiempo para descomponer y disolver las c\u00e9lulas grasas que se han desprendido.<\/p>\n<p>\n \nTambi\u00e9n puede requerir tratamientos repetidos para ver resultados visibles.  La mayor\u00eda de los candidatos a este tratamiento ven el resultado final en un plazo de 6 a 12 semanas.  En promedio, el tratamiento requiere de 4 a 9 visitas para obtener resultados visibles.<\/p>\n<p>\n \nLos resultados de este tratamiento son permanentes, siempre y cuando mantenga una dieta saludable y ejercicio.  Si tiene un estilo de vida no activo, los dep\u00f3sitos de grasa pueden regresar a las \u00e1reas que han sido tratadas.<\/p>\n<p>Pain and bruising are usually minimal. You\u2019ll be instructed to hydrate as much as possible after the procedure to help your body flush the fatty cells through your lymphatic system.<\/p>\n<p>But don\u2019t expect to see results right away. Right after your appointment, your body might feel puffy or swollen. It takes time for your body to break down and dissolve the fat cells that have been dislodged.<\/p>\n<p>You may also require repeated treatments to see visible results. Most candidates for this treatment see their final result within 6 to 12 weeks. On average, treatment requires 1 to 3 visits for visible results.<\/p>\n<p>Results of this treatment are permanent, as long as you maintain a healthy diet and exercise. If you have a non-active lifestyle, fat deposits may return to areas that have been treated.<\/p>\n\n\t\t<\/div>\n\t<\/div>\n\n\t<div class=\"wpb_text_column wpb_content_element\" >\n\t\t<div class=\"wpb_wrapper\">\n\t\t\t<a class=\"flat-custom-button align-btn-left\" href=\"\/es\/contact\/\" title=\"Reserva tu cita\"><span style=\"padding:10px 20px; background-color:transparent; border:1px solid #947A99; color:#947A99; font-size:14px;\">Reserva tu cita<\/span><\/a>\n\n\t\t<\/div>\n\t<\/div>\n<\/div><\/div><\/div><\/div><\/div><\/div><\/div><\/div><\/section><div class=\"vc_row-full-width vc_clearfix\"><\/div>\n<\/div>","protected":false},"excerpt":{"rendered":"Microneedling Collagen Induction Therapy with no Downtime Effective treatment for minor scarring related to acne, wounds, and aging. You\u2019ll enjoy brighter, firmer skin, too. MICRONEEDLING What is Micro-Needling? Microneedling is a simple, safe, effective, and minimally invasive therapeutic technique. It was initially introduced for skin rejuvenation. Now","protected":false},"author":1,"featured_media":0,"parent":41,"menu_order":0,"comment_status":"closed","ping_status":"closed","template":"page-FullWidth.php","meta":{"footnotes":""},"class_list":["post-1497","page","type-page","status-publish","hentry"],"_links":{"self":[{"href":"https:\/\/vidaliftclinic.com\/es\/wp-json\/wp\/v2\/pages\/1497","targetHints":{"allow":["GET"]}}],"collection":[{"href":"https:\/\/vidaliftclinic.com\/es\/wp-json\/wp\/v2\/pages"}],"about":[{"href":"https:\/\/vidaliftclinic.com\/es\/wp-json\/wp\/v2\/types\/page"}],"author":[{"embeddable":true,"href":"https:\/\/vidaliftclinic.com\/es\/wp-json\/wp\/v2\/users\/1"}],"replies":[{"embeddable":true,"href":"https:\/\/vidaliftclinic.com\/es\/wp-json\/wp\/v2\/comments?post=1497"}],"version-history":[{"count":13,"href":"https:\/\/vidaliftclinic.com\/es\/wp-json\/wp\/v2\/pages\/1497\/revisions"}],"predecessor-version":[{"id":1610,"href":"https:\/\/vidaliftclinic.com\/es\/wp-json\/wp\/v2\/pages\/1497\/revisions\/1610"}],"up":[{"embeddable":true,"href":"https:\/\/vidaliftclinic.com\/es\/wp-json\/wp\/v2\/pages\/41"}],"wp:attachment":[{"href":"https:\/\/vidaliftclinic.com\/es\/wp-json\/wp\/v2\/media?parent=1497"}],"curies":[{"name":"wp","href":"https:\/\/api.w.org\/{rel}","templated":true}]}}